{"id":6081,"date":"2022-11-15T14:35:14","date_gmt":"2022-11-15T03:35:14","guid":{"rendered":"https:\/\/relationshipsaustraliasa.kinsta.cloud\/?page_id=6081"},"modified":"2024-06-14T16:12:40","modified_gmt":"2024-06-14T06:12:40","slug":"training-tools","status":"publish","type":"page","link":"https:\/\/www.rasa.org.au\/vi\/training-tools\/","title":{"rendered":"\u0110\u00e0o t\u1ea1o + C\u00f4ng c\u1ee5"},"content":{"rendered":"<div data-elementor-type=\"wp-page\" data-elementor-id=\"6081\" class=\"elementor elementor-6081\" data-elementor-post-type=\"page\">\n\t\t\t\t<div class=\"elementor-element elementor-element-b02b8d6 e-flex e-con-boxed e-con e-parent\" data-id=\"b02b8d6\" data-element_type=\"container\" data-e-type=\"container\">\n\t\t\t\t\t<div class=\"e-con-inner\">\n\t\t\t\t<div class=\"elementor-element elementor-element-30f9985 elementor-widget elementor-widget-Elem_Featured_Text\" data-id=\"30f9985\" data-element_type=\"widget\" data-e-type=\"widget\" data-widget_type=\"Elem_Featured_Text.default\">\n\t\t\t\t<div class=\"elementor-widget-container\">\n\t\t\t\t\t      <div id=\"elem-featured-text-69d764d1b6a73\" class=\"elem-featured-text\">\n        <div class=\"container\">\n          <h2 style=\"text-align: center\">\u0110\u00e0o t\u1ea1o v\u1ec1 Y t\u1ebf + D\u1ecbch v\u1ee5 C\u1ed9ng \u0111\u1ed3ng<\/h2>\n<p>H\u1ed7 tr\u1ee3 sinh vi\u00ean v\u00e0 c\u00e1c chuy\u00ean gia v\u1edbi ch\u01b0\u01a1ng tr\u00ecnh \u0111\u00e0o t\u1ea1o v\u00e0 gi\u00e1o d\u1ee5c v\u1ec1 d\u1ecbch v\u1ee5 c\u1ed9ng \u0111\u1ed3ng v\u00e0 y t\u1ebf ch\u1ea5t l\u01b0\u1ee3ng cao, d\u1ef1a tr\u00ean b\u1eb1ng ch\u1ee9ng v\u00e0 d\u1ec5 ti\u1ebfp c\u1eadn, v\u1edbi kinh nghi\u1ec7m cung c\u1ea5p d\u1ecbch v\u1ee5 tr\u1ef1c ti\u1ebfp.<\/p>\n        <\/div>\n\n                <script defer>\n          jQuery(function($) {\n            const element = $('#elem-featured-text-69d764d1b6a73');\n          });\n        <\/script>\n      <\/div>\n        \t\t\t\t<\/div>\n\t\t\t\t<\/div>\n\t\t\t\t\t<\/div>\n\t\t\t\t<\/div>\n\t\t<div class=\"elementor-element elementor-element-66cd2ad e-con-full e-flex e-con e-parent\" data-id=\"66cd2ad\" data-element_type=\"container\" data-e-type=\"container\">\n\t\t<div class=\"elementor-element elementor-element-b804083 e-con-full e-flex e-con e-child\" data-id=\"b804083\" data-element_type=\"container\" data-e-type=\"container\">\n\t\t<div class=\"elementor-element elementor-element-4fa1006 e-flex e-con-boxed e-con e-child\" data-id=\"4fa1006\" data-element_type=\"container\" data-e-type=\"container\" data-settings=\"{&quot;background_background&quot;:&quot;classic&quot;}\">\n\t\t\t\t\t<div class=\"e-con-inner\">\n\t\t\t\t<div class=\"elementor-element elementor-element-5956517 elementor-widget elementor-widget-Elem_Articles_Grid\" data-id=\"5956517\" data-element_type=\"widget\" data-e-type=\"widget\" data-widget_type=\"Elem_Articles_Grid.default\">\n\t\t\t\t<div class=\"elementor-widget-container\">\n\t\t\t\t\t    <div id=\"elem-articles-grid-69d764d1bdb21\" class=\"elem-articles-grid\">\n      \n      <div class=\"elem-articles-grid__posts elem-articles-grid__posts--cpt-training alm-button-style--light\">\n        <div class=\"container\">\n          \n          <div id=\"ajax-load-more\" class=\"ajax-load-more-wrap white alm-layouts\" data-id=\"elem-articles-grid-69d764d1bdb21\" data-alm-id=\"\" data-canonical-url=\"https:\/\/www.rasa.org.au\/vi\/training-tools\/\" data-slug=\"training-tools\" data-post-id=\"6081\"  data-localized=\"ajax_load_more_elem_articles_grid_69d764d1bdb21_vars\" data-alm-object=\"ajax_load_more_elem_articles_grid_69d764d1bdb21\"><div aria-live=\"polite\" aria-atomic=\"true\" class=\"alm-listing alm-ajax row row-cols-1 row-cols-lg-3\" data-preloaded=\"true\" data-preloaded-amount=\"9\" data-container-type=\"div\" data-loading-style=\"white\" data-archive=\"true\" data-repeater=\"default\" data-post-type=\"cpt-training\" data-vars=\"layout:default\" data-order=\"DESC\" data-orderby=\"date\" data-offset=\"0\" data-posts-per-page=\"9\" data-scroll=\"false\" data-pause=\"true\" data-button-label=\"Load More\" data-prev-button-label=\"Load Previous\" data-images-loaded=\"true\">        <div class=\"col mb-3 mb-lg-4 mb-xxl-5\" data-index=\"1\">\n            <div class=\"comp-blog-card comp-blog-card--default comp-blog-card--theme-light wow fadeIn\" data-wow-delay=\"0s\">\n    <a href=\"https:\/\/www.rasa.org.au\/vi\/training-tools\/australian-institute-of-social-relations\/\" class=\"comp-blog-card__img\">\n      <img decoding=\"async\" loading=\"lazy\" class=\"img-fluid\" src=\"https:\/\/www.rasa.org.au\/wp-content\/uploads\/2024\/09\/iStock-1977348709-768x512.jpg\" alt=\"Australian Institute of Social Relations\">\n    <\/a>\n\n    <div class=\"comp-blog-card__content balance-elements\">\n      \n      <h4><a href=\"https:\/\/www.rasa.org.au\/vi\/training-tools\/australian-institute-of-social-relations\/\">Vi\u1ec7n quan h\u1ec7 x\u00e3 h\u1ed9i \u00dac<\/a><\/h4>\n\n              <div class=\"d-none d-lg-block\">\n          <p>Vi\u1ec7n Quan h\u1ec7 X\u00e3 h\u1ed9i \u00dac (AISR) l\u00e0 b\u1ed9 ph\u1eadn \u0111\u00e0o t\u1ea1o c\u1ee7a Relationships Australia SA. Ch\u00fang t\u00f4i cung c\u1ea5p d\u1ecbch v\u1ee5 \u0111\u00e0o t\u1ea1o c\u1ed9ng \u0111\u1ed3ng ch\u1ea5t l\u01b0\u1ee3ng cao, d\u1ec5 ti\u1ebfp c\u1eadn v\u00e0 ti\u1ebft ki\u1ec7m chi ph\u00ed cho ng\u01b0\u1eddi h\u1ecdc m\u1edbi v\u00e0 ng\u01b0\u1eddi h\u1ecdc c\u00f3 kinh nghi\u1ec7m.<\/p>\n        <\/div>\n          <\/div>\n\n    <div class=\"comp-blog-card__link\">\n        <a href=\"https:\/\/www.rasa.org.au\/vi\/training-tools\/australian-institute-of-social-relations\/\"     class=\"comp-button comp-button--default\"\n     tabindex=\"0\" role=\"button\"       >\n    Kh\u00e1m ph\u00e1  <\/a>\n    <\/div>\n  <\/div>\n        <\/div>\n\n                <div class=\"col mb-3 mb-lg-4 mb-xxl-5\" data-index=\"2\">\n            <div class=\"comp-blog-card comp-blog-card--default comp-blog-card--theme-light wow fadeIn\" data-wow-delay=\"0.2s\">\n    <a href=\"https:\/\/www.rasa.org.au\/vi\/training-tools\/family-doors\/\" class=\"comp-blog-card__img\">\n      <img decoding=\"async\" loading=\"lazy\" class=\"img-fluid\" src=\"https:\/\/www.rasa.org.au\/wp-content\/uploads\/2024\/09\/homepage-banner-768x543.jpg\" alt=\"Family Doors\">\n    <\/a>\n\n    <div class=\"comp-blog-card__content balance-elements\">\n      \n      <h4><a href=\"https:\/\/www.rasa.org.au\/vi\/training-tools\/family-doors\/\">C\u1eeda gia \u0111\u00ecnh<\/a><\/h4>\n\n              <div class=\"d-none d-lg-block\">\n          <p>M\u1ed9t khu\u00f4n kh\u1ed5 s\u00e0ng l\u1ecdc ph\u1ed5 qu\u00e1t d\u1ef1a tr\u00ean b\u1eb1ng ch\u1ee9ng \u0111\u1ec3 gi\u1eef an to\u00e0n cho c\u00e1c gia \u0111\u00ecnh. C\u00f4ng c\u1ee5 n\u00e0y c\u00f3 th\u1ec3 \u0111\u01b0\u1ee3c s\u1eed d\u1ee5ng b\u1edfi t\u1ea5t c\u1ea3 c\u00e1c chuy\u00ean gia tr\u1ee3 gi\u00fap, bao g\u1ed3m nh\u1eefng ng\u01b0\u1eddi h\u00e0nh ngh\u1ec1 lu\u1eadt gia \u0111\u00ecnh, c\u1ed1 v\u1ea5n, nh\u00e0 t\u00e2m l\u00fd h\u1ecdc v\u00e0 nh\u00e2n vi\u00ean x\u00e3 h\u1ed9i.<\/p>\n        <\/div>\n          <\/div>\n\n    <div class=\"comp-blog-card__link\">\n        <a href=\"https:\/\/www.rasa.org.au\/vi\/training-tools\/family-doors\/\"     class=\"comp-button comp-button--default\"\n     tabindex=\"0\" role=\"button\"       >\n    Kh\u00e1m ph\u00e1  <\/a>\n    <\/div>\n  <\/div>\n        <\/div>\n\n                <div class=\"col mb-3 mb-lg-4 mb-xxl-5\" data-index=\"3\">\n            <div class=\"comp-blog-card comp-blog-card--default comp-blog-card--theme-light wow fadeIn\" data-wow-delay=\"0.4s\">\n    <a href=\"https:\/\/www.rasa.org.au\/vi\/training-tools\/my-safety-planner\/\" class=\"comp-blog-card__img\">\n      <img decoding=\"async\" loading=\"lazy\" class=\"img-fluid\" src=\"https:\/\/www.rasa.org.au\/wp-content\/uploads\/2024\/06\/teenagers-768x640.jpg\" alt=\"My Safety Planner\">\n    <\/a>\n\n    <div class=\"comp-blog-card__content balance-elements\">\n      \n      <h4><a href=\"https:\/\/www.rasa.org.au\/vi\/training-tools\/my-safety-planner\/\">C\u00f4ng c\u1ee5 l\u1eadp k\u1ebf ho\u1ea1ch an to\u00e0n c\u1ee7a t\u00f4i<\/a><\/h4>\n\n              <div class=\"d-none d-lg-block\">\n          <p>C\u00f4ng c\u1ee5 l\u1eadp k\u1ebf ho\u1ea1ch an to\u00e0n c\u1ee7a t\u00f4i l\u00e0 m\u1ed9t c\u00f4ng c\u1ee5 tr\u1ef1c tuy\u1ebfn gi\u00fap c\u00e1c th\u00e0nh vi\u00ean c\u1ed9ng \u0111\u1ed3ng v\u00e0 c\u00e1c chuy\u00ean gia h\u1ed7 tr\u1ee3 nh\u1eefng ng\u01b0\u1eddi tr\u1ebb tu\u1ed5i x\u00e2y d\u1ef1ng k\u1ebf ho\u1ea1ch khi h\u1ecd c\u00f3 th\u1ec3 ngh\u0129 \u0111\u1ebfn vi\u1ec7c t\u1ef1 t\u1eed ho\u1eb7c t\u1ef1 l\u00e0m h\u1ea1i b\u1ea3n th\u00e2n.\u00a0<\/p>\n        <\/div>\n          <\/div>\n\n    <div class=\"comp-blog-card__link\">\n        <a href=\"https:\/\/www.rasa.org.au\/vi\/training-tools\/my-safety-planner\/\"     class=\"comp-button comp-button--default\"\n     tabindex=\"0\" role=\"button\"       >\n    Kh\u00e1m ph\u00e1  <\/a>\n    <\/div>\n  <\/div>\n        <\/div>\n\n                <div class=\"col mb-3 mb-lg-4 mb-xxl-5\" data-index=\"4\">\n            <div class=\"comp-blog-card comp-blog-card--default comp-blog-card--theme-light wow fadeIn\" data-wow-delay=\"0s\">\n    <a href=\"https:\/\/www.rasa.org.au\/vi\/training-tools\/family-law-pathways\/\" class=\"comp-blog-card__img\">\n      <img decoding=\"async\" loading=\"lazy\" class=\"img-fluid\" src=\"https:\/\/www.rasa.org.au\/wp-content\/uploads\/2023\/07\/1689821359126-768x515.jpg\" alt=\"South Australian Family Law Pathways Network\">\n    <\/a>\n\n    <div class=\"comp-blog-card__content balance-elements\">\n      \n      <h4><a href=\"https:\/\/www.rasa.org.au\/vi\/training-tools\/family-law-pathways\/\">M\u1ea1ng l\u01b0\u1edbi L\u1ed9 tr\u00ecnh Lu\u1eadt Gia \u0111\u00ecnh Nam \u00dac<\/a><\/h4>\n\n              <div class=\"d-none d-lg-block\">\n          <p>M\u1ea1ng l\u01b0\u1edbi L\u1ed9 tr\u00ecnh Lu\u1eadt Gia \u0111\u00ecnh Nam \u00dac (SAFLPN) l\u00e0 m\u1ed9t m\u1ea1ng l\u01b0\u1edbi ph\u1ed1i h\u1ee3p g\u1ed3m c\u00e1c t\u1ed5 ch\u1ee9c v\u00e0 chuy\u00ean gia th\u00fac \u0111\u1ea9y \u0111\u1ed1i tho\u1ea1i v\u00e0 h\u1ee3p t\u00e1c gi\u1eefa c\u00e1c nh\u00e0 cung c\u1ea5p d\u1ecbch v\u1ee5 nh\u1eb1m h\u1ed7 tr\u1ee3 c\u00e1c gia \u0111\u00ecnh ly t\u00e1n v\u00e0 ly t\u00e1n ti\u1ebfp c\u1eadn c\u00e1c d\u1ecbch v\u1ee5 lu\u1eadt gia \u0111\u00ecnh.<\/p>\n        <\/div>\n          <\/div>\n\n    <div class=\"comp-blog-card__link\">\n        <a href=\"https:\/\/www.rasa.org.au\/vi\/training-tools\/family-law-pathways\/\"     class=\"comp-button comp-button--default\"\n     tabindex=\"0\" role=\"button\"       >\n    Kh\u00e1m ph\u00e1  <\/a>\n    <\/div>\n  <\/div>\n        <\/div>\n\n                <div class=\"col mb-3 mb-lg-4 mb-xxl-5\" data-index=\"5\">\n            <div class=\"comp-blog-card comp-blog-card--default comp-blog-card--theme-light wow fadeIn\" data-wow-delay=\"0.2s\">\n    <a href=\"https:\/\/www.rasa.org.au\/vi\/training-tools\/avert-family-violence\/\" class=\"comp-blog-card__img\">\n      <img decoding=\"async\" loading=\"lazy\" class=\"img-fluid\" src=\"https:\/\/www.rasa.org.au\/wp-content\/uploads\/2023\/11\/RASA_SOCIETY-GRID_15-768x543.jpg\" alt=\"AVERT Family Violence\">\n    <\/a>\n\n    <div class=\"comp-blog-card__content balance-elements\">\n      \n      <h4><a href=\"https:\/\/www.rasa.org.au\/vi\/training-tools\/avert-family-violence\/\">TR\u00c1NH B\u1ea1o l\u1ef1c gia \u0111\u00ecnh<\/a><\/h4>\n\n              <div class=\"d-none d-lg-block\">\n          <p>M\u1ed9t g\u00f3i \u0111\u00e0o t\u1ea1o s\u00e1ng t\u1ea1o \u0111\u1ec3 \u1ee9ng ph\u00f3 hi\u1ec7u qu\u1ea3 v\u1edbi b\u1ea1o l\u1ef1c gia \u0111\u00ecnh. Kh\u00f3a \u0111\u00e0o t\u1ea1o cung c\u1ea5p th\u00f4ng tin th\u1ef1c t\u1ebf cho ng\u01b0\u1eddi lao \u0111\u1ed9ng trong c\u00e1c l\u0129nh v\u1ef1c d\u1ecbch v\u1ee5 c\u1ed9ng \u0111\u1ed3ng, y t\u1ebf, lu\u1eadt gia \u0111\u00ecnh v\u00e0 d\u1ecbch v\u1ee5 con ng\u01b0\u1eddi \u0111\u1ec3 \u1ee9ng ph\u00f3 ph\u00f9 h\u1ee3p v\u1edbi b\u1ea1o l\u1ef1c gia \u0111\u00ecnh. <\/p>\n        <\/div>\n          <\/div>\n\n    <div class=\"comp-blog-card__link\">\n        <a href=\"https:\/\/www.rasa.org.au\/vi\/training-tools\/avert-family-violence\/\"     class=\"comp-button comp-button--default\"\n     tabindex=\"0\" role=\"button\"       >\n    Kh\u00e1m ph\u00e1  <\/a>\n    <\/div>\n  <\/div>\n        <\/div>\n\n                <div class=\"col mb-3 mb-lg-4 mb-xxl-5\" data-index=\"6\">\n            <div class=\"comp-blog-card comp-blog-card--default comp-blog-card--theme-light wow fadeIn\" data-wow-delay=\"0.4s\">\n    <a href=\"https:\/\/www.rasa.org.au\/vi\/training-tools\/square\/\" class=\"comp-blog-card__img\">\n      <img decoding=\"async\" loading=\"lazy\" class=\"img-fluid\" src=\"https:\/\/www.rasa.org.au\/wp-content\/uploads\/2024\/02\/kateryna-hliznitsova-jPcSAJfBdC0-unsplash-1-768x513.jpg\" alt=\"SQUARE\">\n    <\/a>\n\n    <div class=\"comp-blog-card__content balance-elements\">\n      \n      <h4><a href=\"https:\/\/www.rasa.org.au\/vi\/training-tools\/square\/\">QU\u1ea2NG TR\u01af\u1edcNG<\/a><\/h4>\n\n              <div class=\"d-none d-lg-block\">\n          <p>SQUARE l\u00e0 m\u1ed9t ngu\u1ed3n l\u1ef1c ng\u0103n ng\u1eeba t\u1ef1 t\u1eed t\u00edch h\u1ee3p \u0111\u01b0\u1ee3c thi\u1ebft k\u1ebf \u0111\u1ec3 gi\u00fap c\u00e1c th\u00e0nh vi\u00ean c\u1ed9ng \u0111\u1ed3ng v\u00e0 c\u00e1c chuy\u00ean gia \u1ee9ng ph\u00f3 ph\u00f9 h\u1ee3p v\u00e0 hi\u1ec7u qu\u1ea3 v\u1edbi nh\u1eefng ng\u01b0\u1eddi c\u00f3 nguy c\u01a1 t\u1ef1 t\u1eed. Ch\u00fang t\u00f4i cung c\u1ea5p \u0111\u00e0o t\u1ea1o cho c\u00e1c chuy\u00ean gia v\u1ec1 tham gia tr\u1ecb li\u1ec7u, \u0111\u00e1nh gi\u00e1 r\u1ee7i ro v\u00e0 l\u1eadp k\u1ebf ho\u1ea1ch an to\u00e0n cho nh\u1eefng ng\u01b0\u1eddi c\u00f3 nguy c\u01a1 t\u1ef1 t\u1eed. <\/p>\n        <\/div>\n          <\/div>\n\n    <div class=\"comp-blog-card__link\">\n        <a href=\"https:\/\/www.rasa.org.au\/vi\/training-tools\/square\/\"     class=\"comp-button comp-button--default\"\n     tabindex=\"0\" role=\"button\"       >\n    Kh\u00e1m ph\u00e1  <\/a>\n    <\/div>\n  <\/div>\n        <\/div>\n\n                <div class=\"col mb-3 mb-lg-4 mb-xxl-5\" data-index=\"7\">\n            <div class=\"comp-blog-card comp-blog-card--default comp-blog-card--theme-light wow fadeIn\" data-wow-delay=\"0s\">\n    <a href=\"https:\/\/www.rasa.org.au\/vi\/training-tools\/lets-connect-game\/\" class=\"comp-blog-card__img\">\n      <img decoding=\"async\" loading=\"lazy\" class=\"img-fluid\" src=\"https:\/\/www.rasa.org.au\/wp-content\/uploads\/2023\/11\/slide1-1-768x448.jpeg\" alt=\"Let&#8217;s Connect Game\">\n    <\/a>\n\n    <div class=\"comp-blog-card__content balance-elements\">\n      \n      <h4><a href=\"https:\/\/www.rasa.org.au\/vi\/training-tools\/lets-connect-game\/\">H\u00e3y k\u1ebft n\u1ed1i tr\u00f2 ch\u01a1i<\/a><\/h4>\n\n              <div class=\"d-none d-lg-block\">\n          <p>M\u1ed9t tr\u00f2 ch\u01a1i t\u01b0\u01a1ng t\u00e1c d\u00e0nh cho ph\u1ee5 huynh v\u00e0 ng\u01b0\u1eddi ch\u0103m s\u00f3c do D\u1ecbch v\u1ee5 Nu\u00f4i d\u1ea1y Con c\u00e1i v\u00e0 Tr\u1ebb em t\u1ea1o ra. Tr\u00f2 ch\u01a1i th\u00fac \u0111\u1ea9y s\u1ef1 k\u1ebft n\u1ed1i v\u1edbi nh\u1eefng \u0111\u1ee9a tr\u1ebb trong cu\u1ed9c s\u1ed1ng c\u1ee7a b\u1ea1n. <\/p>\n        <\/div>\n          <\/div>\n\n    <div class=\"comp-blog-card__link\">\n        <a href=\"https:\/\/www.rasa.org.au\/vi\/training-tools\/lets-connect-game\/\"     class=\"comp-button comp-button--default\"\n     tabindex=\"0\" role=\"button\"       >\n    Kh\u00e1m ph\u00e1  <\/a>\n    <\/div>\n  <\/div>\n        <\/div>\n\n                <div class=\"col mb-3 mb-lg-4 mb-xxl-5\" data-index=\"8\">\n            <div class=\"comp-blog-card comp-blog-card--default comp-blog-card--theme-light wow fadeIn\" data-wow-delay=\"0.2s\">\n    <a href=\"https:\/\/www.rasa.org.au\/vi\/training-tools\/aged-care-trauma-awareness-education\/\" class=\"comp-blog-card__img\">\n      <img decoding=\"async\" loading=\"lazy\" class=\"img-fluid\" src=\"https:\/\/www.rasa.org.au\/wp-content\/uploads\/2025\/12\/2012473987-768x432.jpg\" alt=\"Aged Care Trauma Awareness Education\">\n    <\/a>\n\n    <div class=\"comp-blog-card__content balance-elements\">\n      \n      <h4><a href=\"https:\/\/www.rasa.org.au\/vi\/training-tools\/aged-care-trauma-awareness-education\/\">Aged Care Trauma Awareness Education<\/a><\/h4>\n\n              <div class=\"d-none d-lg-block\">\n          <p>Aged Care Trauma Awareness + Education will build skills within the aged care workforce to better support and care for people who experienced trauma as children in out-of-home institutions.<\/p>\n        <\/div>\n          <\/div>\n\n    <div class=\"comp-blog-card__link\">\n        <a href=\"https:\/\/www.rasa.org.au\/vi\/training-tools\/aged-care-trauma-awareness-education\/\"     class=\"comp-button comp-button--default\"\n     tabindex=\"0\" role=\"button\"       >\n    Kh\u00e1m ph\u00e1  <\/a>\n    <\/div>\n  <\/div>\n        <\/div>\n\n        <\/div><div class=\"alm-btn-wrap\" data-rel=\"ajax-load-more\"><button class=\"alm-load-more-btn\" type=\"button\">T\u1ea3i th\u00eam<\/button><\/div><div class=\"alm-no-results\" style=\"display: none;\">C\u00f3 v\u1ebb nh\u01b0 b\u1ea1n ch\u01b0a t\u00ecm th\u1ea5y nh\u1eefng g\u00ec b\u1ea1n \u0111ang t\u00ecm ki\u1ebfm. H\u00e3y th\u1eed s\u1eed d\u1ee5ng t\u00ednh n\u0103ng t\u00ecm ki\u1ebfm ho\u1eb7c ch\u1ecdn c\u00e1c t\u00f9y ch\u1ecdn b\u1ed9 l\u1ecdc kh\u00e1c nhau.<\/div><\/div>\n                      <style>#elem-articles-grid-69d764d1bdb21 .alm-btn-wrap {display:none;}<\/style>            <div class=\"text-center mt-4\">\n                          <\/div>\n                  <\/div>\n      <\/div>\n\n                <\/div>\n    \t\t\t\t<\/div>\n\t\t\t\t<\/div>\n\t\t\t\t\t<\/div>\n\t\t\t\t<\/div>\n\t\t\t\t<\/div>\n\t\t\t\t<\/div>\n\t\t<div class=\"elementor-element elementor-element-7b8d7a45 e-flex e-con-boxed e-con e-parent\" data-id=\"7b8d7a45\" data-element_type=\"container\" data-e-type=\"container\" data-settings=\"{&quot;background_background&quot;:&quot;classic&quot;}\">\n\t\t\t\t\t<div class=\"e-con-inner\">\n\t\t\t\t<div class=\"elementor-element elementor-element-666b10ca animated-slow elementor-invisible elementor-widget elementor-widget-heading\" data-id=\"666b10ca\" data-element_type=\"widget\" data-e-type=\"widget\" data-settings=\"{&quot;_animation&quot;:&quot;fadeIn&quot;}\" data-widget_type=\"heading.default\">\n\t\t\t\t<div class=\"elementor-widget-container\">\n\t\t\t\t\t<h3 class=\"elementor-heading-title elementor-size-default\">Nh\u1eefng m\u1ed1i quan h\u1ec7 b\u1ec1n ch\u1eb7t c\u00f3 th\u1ec3 n\u00e2ng cao cu\u1ed9c s\u1ed1ng c\u1ee7a ch\u00fang ta.<\/h3>\t\t\t\t<\/div>\n\t\t\t\t<\/div>\n\t\t\t\t<div class=\"elementor-element elementor-element-5880560b elementor-align-center elementor-widget elementor-widget-lottie\" data-id=\"5880560b\" data-element_type=\"widget\" data-e-type=\"widget\" data-settings=\"{&quot;source_json&quot;:{&quot;url&quot;:&quot;https:\\\/\\\/www.rasa.org.au\\\/wp-content\\\/uploads\\\/2023\\\/11\\\/RASA_WINGS.json&quot;,&quot;id&quot;:&quot;19949&quot;,&quot;size&quot;:&quot;&quot;,&quot;alt&quot;:&quot;&quot;,&quot;source&quot;:&quot;library&quot;},&quot;source&quot;:&quot;media_file&quot;,&quot;caption_source&quot;:&quot;none&quot;,&quot;link_to&quot;:&quot;none&quot;,&quot;trigger&quot;:&quot;arriving_to_viewport&quot;,&quot;viewport&quot;:{&quot;unit&quot;:&quot;%&quot;,&quot;size&quot;:&quot;&quot;,&quot;sizes&quot;:{&quot;start&quot;:0,&quot;end&quot;:100}},&quot;play_speed&quot;:{&quot;unit&quot;:&quot;px&quot;,&quot;size&quot;:1,&quot;sizes&quot;:[]},&quot;start_point&quot;:{&quot;unit&quot;:&quot;%&quot;,&quot;size&quot;:0,&quot;sizes&quot;:[]},&quot;end_point&quot;:{&quot;unit&quot;:&quot;%&quot;,&quot;size&quot;:100,&quot;sizes&quot;:[]},&quot;renderer&quot;:&quot;svg&quot;}\" data-widget_type=\"lottie.default\">\n\t\t\t\t<div class=\"elementor-widget-container\">\n\t\t\t\t\t<div class=\"e-lottie__container\"><div class=\"e-lottie__animation\"><\/div><\/div>\t\t\t\t<\/div>\n\t\t\t\t<\/div>\n\t\t\t\t\t<\/div>\n\t\t\t\t<\/div>\n\t\t<div class=\"elementor-element elementor-element-6f71b40e e-con-full app__mantra e-flex e-con e-parent\" data-id=\"6f71b40e\" data-element_type=\"container\" data-e-type=\"container\">\n\t\t<div class=\"elementor-element elementor-element-2db3c38c e-con-full e-flex e-con e-child\" data-id=\"2db3c38c\" data-element_type=\"container\" data-e-type=\"container\" data-settings=\"{&quot;background_background&quot;:&quot;classic&quot;}\">\n\t\t\t\t<div class=\"elementor-element elementor-element-175ce5d8 animated-slow elementor-invisible elementor-widget elementor-widget-heading\" data-id=\"175ce5d8\" data-element_type=\"widget\" data-e-type=\"widget\" data-settings=\"{&quot;_animation&quot;:&quot;fadeInUp&quot;}\" data-widget_type=\"heading.default\">\n\t\t\t\t<div class=\"elementor-widget-container\">\n\t\t\t\t\t<h2 class=\"elementor-heading-title elementor-size-default\">C\u00c1C M\u1ed0I QUAN H\u1ec6<\/h2>\t\t\t\t<\/div>\n\t\t\t\t<\/div>\n\t\t\t\t<\/div>\n\t\t<div class=\"elementor-element elementor-element-613509ef e-con-full e-flex e-con e-child\" data-id=\"613509ef\" data-element_type=\"container\" data-e-type=\"container\" data-settings=\"{&quot;background_background&quot;:&quot;classic&quot;}\">\n\t\t\t\t<div class=\"elementor-element elementor-element-4cc96996 animated-slow elementor-invisible elementor-widget elementor-widget-heading\" data-id=\"4cc96996\" data-element_type=\"widget\" data-e-type=\"widget\" data-settings=\"{&quot;_animation&quot;:&quot;fadeInUp&quot;}\" data-widget_type=\"heading.default\">\n\t\t\t\t<div class=\"elementor-widget-container\">\n\t\t\t\t\t<h2 class=\"elementor-heading-title elementor-size-default\">THAY \u0110\u1ed4I CH\u00daNG T\u00d4I<\/h2>\t\t\t\t<\/div>\n\t\t\t\t<\/div>\n\t\t\t\t<\/div>\n\t\t\t\t<\/div>\n\t\t<div class=\"elementor-element elementor-element-6b706bc e-flex e-con-boxed e-con e-parent\" data-id=\"6b706bc\" data-element_type=\"container\" data-e-type=\"container\">\n\t\t\t\t\t<div class=\"e-con-inner\">\n\t\t\t\t\t<\/div>\n\t\t\t\t<\/div>\n\t\t\t\t<\/div>","protected":false},"excerpt":{"rendered":"<p>H\u1ed7 tr\u1ee3 c\u00e1c chuy\u00ean gia + h\u1ecdc vi\u00ean \u0111\u1ec3 h\u1ecd c\u00f3 th\u1ec3 gi\u00fap \u0111\u1ee1 c\u00e1c c\u00e1 nh\u00e2n, gia \u0111\u00ecnh v\u00e0 c\u1ed9ng \u0111\u1ed3ng<\/p>","protected":false},"author":23,"featured_media":7017,"parent":0,"menu_order":0,"comment_status":"closed","ping_status":"closed","template":"","meta":{"_acf_changed":false,"_relevanssi_hide_post":"","_relevanssi_hide_content":"","_relevanssi_pin_for_all":"","_relevanssi_pin_keywords":"","_relevanssi_unpin_keywords":"","_relevanssi_related_keywords":"","_relevanssi_related_include_ids":"","_relevanssi_related_exclude_ids":"","_relevanssi_related_no_append":"","_relevanssi_related_not_related":"","_relevanssi_related_posts":"","_relevanssi_noindex_reason":"","footnotes":""},"class_list":["post-6081","page","type-page","status-publish","has-post-thumbnail","hentry"],"acf":[],"_links":{"self":[{"href":"https:\/\/www.rasa.org.au\/vi\/wp-json\/wp\/v2\/pages\/6081","targetHints":{"allow":["GET"]}}],"collection":[{"href":"https:\/\/www.rasa.org.au\/vi\/wp-json\/wp\/v2\/pages"}],"about":[{"href":"https:\/\/www.rasa.org.au\/vi\/wp-json\/wp\/v2\/types\/page"}],"author":[{"embeddable":true,"href":"https:\/\/www.rasa.org.au\/vi\/wp-json\/wp\/v2\/users\/23"}],"replies":[{"embeddable":true,"href":"https:\/\/www.rasa.org.au\/vi\/wp-json\/wp\/v2\/comments?post=6081"}],"version-history":[{"count":5,"href":"https:\/\/www.rasa.org.au\/vi\/wp-json\/wp\/v2\/pages\/6081\/revisions"}],"predecessor-version":[{"id":31573,"href":"https:\/\/www.rasa.org.au\/vi\/wp-json\/wp\/v2\/pages\/6081\/revisions\/31573"}],"wp:featuredmedia":[{"embeddable":true,"href":"https:\/\/www.rasa.org.au\/vi\/wp-json\/wp\/v2\/media\/7017"}],"wp:attachment":[{"href":"https:\/\/www.rasa.org.au\/vi\/wp-json\/wp\/v2\/media?parent=6081"}],"curies":[{"name":"wp","href":"https:\/\/api.w.org\/{rel}","templated":true}]}}