{"id":26205,"date":"2024-03-14T11:40:17","date_gmt":"2024-03-14T00:40:17","guid":{"rendered":"https:\/\/www.rasa.org.au\/?page_id=26205"},"modified":"2024-03-14T11:52:09","modified_gmt":"2024-03-14T00:52:09","slug":"video-phone-consent","status":"publish","type":"page","link":"https:\/\/www.rasa.org.au\/vi\/video-phone-consent\/","title":{"rendered":"Th\u00f4ng tin cu\u1ed9c h\u1eb9n qua video v\u00e0 \u0111i\u1ec7n tho\u1ea1i"},"content":{"rendered":"<div data-elementor-type=\"wp-page\" data-elementor-id=\"26205\" class=\"elementor elementor-26205\" data-elementor-post-type=\"page\">\n\t\t\t\t<div class=\"elementor-element elementor-element-3098dd85 e-flex e-con-boxed e-con e-parent\" data-id=\"3098dd85\" data-element_type=\"container\" data-e-type=\"container\">\n\t\t\t\t\t<div class=\"e-con-inner\">\n\t\t\t\t<div class=\"elementor-element elementor-element-66c21078 elementor-widget elementor-widget-Elem_Featured_Text\" data-id=\"66c21078\" data-element_type=\"widget\" data-e-type=\"widget\" data-widget_type=\"Elem_Featured_Text.default\">\n\t\t\t\t<div class=\"elementor-widget-container\">\n\t\t\t\t\t      <div id=\"elem-featured-text-69d66eae2c4d1\" class=\"elem-featured-text\">\n        <div class=\"container\">\n          <h1 class=\"title\">R\u1ee7i ro b\u1ed5 sung v\u1edbi c\u00e1c cu\u1ed9c h\u1eb9n qua video v\u00e0 \u0111i\u1ec7n tho\u1ea1i<\/h1>\n<p>M\u1ed1i quan h\u1ec7 Australia SA (RASA) cung c\u1ea5p c\u00e1c cu\u1ed9c h\u1eb9n qua video v\u00e0 \u0111i\u1ec7n tho\u1ea1i. Th\u1ecfa thu\u1eadn n\u00e0y \u0111\u1eb7t ra nh\u1eefng r\u1ee7i ro quan tr\u1ecdng khi th\u1ef1c hi\u1ec7n c\u00e1c cu\u1ed9c h\u1eb9n qua video ho\u1eb7c \u0111i\u1ec7n tho\u1ea1i v\u1edbi ch\u00fang t\u00f4i thay v\u00ec c\u00e1c cu\u1ed9c h\u1eb9n g\u1eb7p m\u1eb7t tr\u1ef1c ti\u1ebfp t\u1ea1i v\u0103n ph\u00f2ng c\u1ee7a ch\u00fang t\u00f4i.<\/p>\n        <\/div>\n\n                <script defer>\n          jQuery(function($) {\n            const element = $('#elem-featured-text-69d66eae2c4d1');\n          });\n        <\/script>\n      <\/div>\n        \t\t\t\t<\/div>\n\t\t\t\t<\/div>\n\t\t\t\t<div class=\"elementor-element elementor-element-6e67bd6 elementor-widget elementor-widget-text-editor\" data-id=\"6e67bd6\" data-element_type=\"widget\" data-e-type=\"widget\" data-widget_type=\"text-editor.default\">\n\t\t\t\t<div class=\"elementor-widget-container\">\n\t\t\t\t\t\t\t\t\t<h5>Gi\u1eef an to\u00e0n cho c\u00e1c cu\u1ed9c h\u1eb9n<\/h5><p>RASA s\u1ebd s\u1eed d\u1ee5ng c\u00e1c thi\u1ebft b\u1ecb ti\u00eau chu\u1ea9n ng\u00e0nh v\u00e0 ph\u1ea7n m\u1ec1m \u0111\u00e1ng tin c\u1eady cho c\u00e1c cu\u1ed9c h\u1eb9n m\u00e0 ch\u00fang t\u00f4i th\u1ef1c hi\u1ec7n v\u1edbi b\u1ea1n. Ch\u00fang t\u00f4i th\u1ef1c s\u1ef1 khuy\u00ean b\u1ea1n n\u00ean nh\u1eadn c\u00e1c cu\u1ed9c h\u1eb9n tr\u00ean ph\u1ea7n c\u1ee9ng b\u1ea3o m\u1eadt b\u1eb1ng c\u00e1ch tham kh\u1ea3o \u00fd ki\u1ebfn c\u1ee7a\u00a0<a href=\"https:\/\/www.esafety.gov.au\/\" target=\"_blank\" rel=\"noopener\">\u1ee6y vi\u00ean an to\u00e0n \u0111i\u1ec7n t\u1eed<\/a>\u00a0v\u00e0\u00a0<a href=\"https:\/\/www.techsafety.org\/spyware\" target=\"_blank\" rel=\"noopener\">An to\u00e0n c\u00f4ng ngh\u1ec7<\/a>\u00a0v\u1ec1 b\u1ea3o m\u1eadt v\u00e0 quy\u1ec1n ri\u00eang t\u01b0 tr\u1ef1c tuy\u1ebfn c\u1ee7a b\u1ea1n. Ch\u00fang t\u00f4i kh\u00f4ng th\u1ec3 \u0111\u1ea3m b\u1ea3o t\u00ednh b\u1ea3o m\u1eadt c\u1ee7a b\u1ea5t k\u1ef3 d\u1ecbch v\u1ee5 n\u00e0o do b\u00ean th\u1ee9 ba cung c\u1ea5p.<\/p><h5>An to\u00e0n trong c\u00e1c cu\u1ed9c h\u1eb9n<\/h5><p>M\u1ed9t s\u1ed1 kh\u00e1ch h\u00e0ng s\u1ebd c\u1ea7n \u1ea9n v\u1ecb tr\u00ed c\u1ee7a h\u1ecd (ho\u1eb7c v\u1ecb tr\u00ed c\u1ee7a gia \u0111\u00ecnh h\u1ecd) trong cu\u1ed9c h\u1eb9n v\u1edbi nh\u1eefng ng\u01b0\u1eddi kh\u00e1c trong cu\u1ed9c h\u1eb9n.\u00a0<em>N\u1ebfu \u0111i\u1ec1u n\u00e0y \u00e1p d\u1ee5ng cho b\u1ea1n, \u0111i\u1ec1u c\u1ea7n thi\u1ebft l\u00e0 ph\u1ea3i th\u1ef1c hi\u1ec7n c\u00e1c bi\u1ec7n ph\u00e1p ph\u00f2ng ng\u1eeba sau<\/em>S.<\/p><p><strong>Trong phi\u00ean:<\/strong><\/p><ul><li>\u0110\u1ea3m b\u1ea3o kh\u00f4ng c\u00f3 g\u00ec tr\u00ean m\u00e1y \u1ea3nh c\u00f3 th\u1ec3 x\u00e1c \u0111\u1ecbnh v\u1ecb tr\u00ed c\u1ee7a b\u1ea1n, ch\u1eb3ng h\u1ea1n nh\u01b0:<ul><li>B\u1ea5t c\u1ee9 th\u1ee9 g\u00ec th\u1ec3 hi\u1ec7n m\u1eb7t tr\u01b0\u1edbc ng\u00f4i nh\u00e0 c\u1ee7a b\u1ea1n;<\/li><li>B\u1ea5t k\u1ef3 th\u1ee9 g\u00ec hi\u1ec3n th\u1ecb m\u1ed1c c\u00f3 th\u1ec3 nh\u1eadn d\u1ea1ng tr\u00ean \u0111\u01b0\u1eddng ph\u1ed1 c\u1ee7a b\u1ea1n;<\/li><li>B\u1ea5t c\u1ee9 th\u1ee9 g\u00ec th\u1ec3 hi\u1ec7n n\u01a1i con b\u1ea1n \u0111\u1ebfn tr\u01b0\u1eddng nh\u01b0 \u0111\u1ed3ng ph\u1ee5c ho\u1eb7c c\u1eb7p s\u00e1ch;<\/li><li>T\u00e0i li\u1ec7u ch\u1ee9a \u0111\u1ecba ch\u1ec9 c\u1ee7a b\u1ea1n;<\/li><li>\u0110\u1ed3ng ph\u1ee5c l\u00e0m vi\u1ec7c, th\u1ebb c\u0103n c\u01b0\u1edbc ho\u1eb7c gi\u1ea5y t\u1edd l\u00e0m vi\u1ec7c c\u1ee7a b\u1ea1n;<\/li><li>H\u00ecnh \u1ea3nh ho\u1eb7c m\u00e0n h\u00ecnh hi\u1ec3n th\u1ecb b\u1ea5t k\u1ef3 \u0111i\u1ec1u n\u00e0o \u1edf tr\u00ean.<\/li><\/ul><\/li><li>B\u1ea1n n\u00ean qu\u00e9t k\u1ef9 n\u1ec1n c\u1ee7a m\u00ecnh v\u00e0 tr\u00e1nh di chuy\u1ec3n xung quanh v\u1edbi thi\u1ebft b\u1ecb c\u1ee7a m\u00ecnh trong cu\u1ed9c h\u1ecdp.<\/li><li>Ngo\u00e0i ra, h\u00e3y c\u00e2n nh\u1eafc xem li\u1ec7u b\u1ea5t k\u1ef3 \u00e2m thanh \u0111\u1eb7c bi\u1ec7t n\u00e0o trong n\u1ec1n c\u00f3 th\u1ec3 x\u00e1c \u0111\u1ecbnh \u0111\u01b0\u1ee3c v\u1ecb tr\u00ed c\u1ee7a b\u1ea1n hay kh\u00f4ng.<\/li><\/ul><p><strong>L\u1eddi khuy\u00ean t\u1ed5ng qu\u00e1t h\u01a1n:<\/strong><\/p><ul><li>G\u1eedi \u1ea3nh gia \u0111\u00ecnh t\u1eeb \u0111i\u1ec7n tho\u1ea1i th\u00f4ng minh t\u1edbi nh\u1eefng ng\u01b0\u1eddi ch\u0103m s\u00f3c kh\u00e1c qua email c\u00f3 ngh\u0129a l\u00e0 v\u1ecb tr\u00ed GPS c\u1ee7a n\u01a1i ch\u1ee5p \u1ea3nh k\u1ef9 thu\u1eadt s\u1ed1 c\u00f3 th\u1ec3 \u0111\u01b0\u1ee3c nh\u00fang trong \u1ea3nh k\u1ef9 thu\u1eadt s\u1ed1. \u0110i\u1ec1u n\u00e0y c\u00f3 ngh\u0129a l\u00e0 c\u00f3 c\u00e1ch \u0111\u1ec3 ng\u01b0\u1eddi kh\u00e1c t\u00ecm ra v\u1ecb tr\u00ed b\u1ee9c \u1ea3nh \u0111\u01b0\u1ee3c ch\u1ee5p. \u1ea2nh in v\u00e0 b\u1ea3n c\u1ee9ng trong s\u00e1ch giao ti\u1ebfp kh\u00f4ng c\u00f3 nguy c\u01a1 n\u00e0y.<\/li><li>C\u00e1c \u1ee9ng d\u1ee5ng \u1ea9n c\u00f3 th\u1ec3 \u0111\u01b0\u1ee3c \u0111\u1eb7t tr\u00ean m\u1ed9t thi\u1ebft b\u1ecb (\u0111i\u1ec7n tho\u1ea1i th\u00f4ng minh, m\u00e1y t\u00ednh b\u1ea3ng, m\u00e1y t\u00ednh x\u00e1ch tay ho\u1eb7c m\u00e1y t\u00ednh) n\u1ebfu m\u1ed9t b\u00ean kh\u00e1c c\u00f3 quy\u1ec1n truy c\u1eadp v\u00e0o thi\u1ebft b\u1ecb \u0111\u00f3. N\u1ebfu \u0111i\u1ec1u n\u00e0y c\u00f3 th\u1ec3 x\u1ea3y ra v\u1edbi b\u1ea1n th\u00ec b\u1ea1n n\u00ean s\u1eed d\u1ee5ng m\u1ed9t thi\u1ebft b\u1ecb kh\u00e1c v\u00e0 kh\u00f4ng \u0111\u1ec3 thi\u1ebft b\u1ecb b\u1ecb x\u00e2m nh\u1eadp trong c\u00f9ng ph\u00f2ng v\u1edbi cu\u1ed9c h\u1ecdp. C\u00e1c \u1ee9ng d\u1ee5ng \u1ea9n c\u00f3 th\u1ec3 nghe th\u1ea5y m\u1ecdi th\u1ee9 \u0111ang di\u1ec5n ra trong ph\u00f2ng c\u00f3 thi\u1ebft b\u1ecb, nghe cu\u1ed9c tr\u00f2 chuy\u1ec7n qua \u0111i\u1ec7n tho\u1ea1i v\u00e0 c\u0169ng c\u00f3 th\u1ec3 xem b\u1ea5t c\u1ee9 \u0111i\u1ec1u g\u00ec ng\u01b0\u1eddi d\u00f9ng \u0111ang l\u00e0m tr\u00ean \u0111i\u1ec7n tho\u1ea1i th\u00f4ng minh (tin nh\u1eafn, email, l\u01b0\u1edbt internet, v.v.) ngo\u00e0i vi\u1ec7c cung c\u1ea5p v\u1ecb tr\u00ed c\u1ee7a \u0111i\u1ec7n tho\u1ea1i .<\/li><\/ul><h5>B\u1ea3o m\u1eadt trong c\u00e1c cu\u1ed9c h\u1eb9n kh\u00f4ng c\u00f3 b\u1ea3n ghi \u00e2m<\/h5><p>Kh\u00e1ch h\u00e0ng kh\u00f4ng th\u1ec3 ghi l\u1ea1i b\u1ea5t k\u1ef3 cu\u1ed9c h\u1ecdp ho\u1eb7c cu\u1ed9c h\u1eb9n n\u00e0o b\u1eb1ng b\u1ea5t k\u1ef3 ph\u01b0\u01a1ng ti\u1ec7n n\u00e0o (ch\u1eb3ng h\u1ea1n nh\u01b0 tr\u00ean thi\u1ebft b\u1ecb \u0111\u01b0\u1ee3c s\u1eed d\u1ee5ng cho c\u00e1c cu\u1ed9c h\u1eb9n qua video ho\u1eb7c \u0111i\u1ec7n tho\u1ea1i ho\u1eb7c b\u1eb1ng thi\u1ebft b\u1ecb ghi ho\u1eb7c nghe kh\u00e1c). Kh\u00e1ch h\u00e0ng c\u0169ng kh\u00f4ng \u0111\u01b0\u1ee3c ph\u00e9p cho ng\u01b0\u1eddi kh\u00e1c ghi l\u1ea1i cu\u1ed9c h\u1eb9n.<\/p><p>B\u1ea5t k\u1ef3 b\u1ea3n ghi \u00e2m n\u00e0o \u0111\u01b0\u1ee3c th\u1ef1c hi\u1ec7n \u0111\u1ec1u c\u00f3 th\u1ec3 vi ph\u1ea1m: 1) ph\u1ea7n 4 c\u1ee7a\u00a0<em>\u0110\u1ea1o lu\u1eadt v\u1ec1 thi\u1ebft b\u1ecb gi\u00e1m s\u00e1t<\/em>\u00a02016 (SA) v\u00e0 c\u00f3 th\u1ec3 b\u1ecb ph\u1ea1t ti\u1ec1n (hi\u1ec7n t\u1ea1i l\u00e0 $15.000) ho\u1eb7c ph\u1ea1t t\u00f9 (hi\u1ec7n t\u1ea1i l\u00e0 3 n\u0103m); v\u00e0 2) m\u1ee5c 19AA c\u1ee7a\u00a0<em>\u0110\u1ea1o lu\u1eadt h\u1ee3p nh\u1ea5t lu\u1eadt h\u00ecnh s\u1ef1<\/em>\u00a01953 (SA), m\u1ee9c h\u00ecnh ph\u1ea1t t\u1ed1i \u0111a hi\u1ec7n nay l\u00e0 5 n\u0103m.<\/p><p>N\u1ebfu b\u1ea1n kh\u00f4ng ch\u1eafc ch\u1eafn v\u1ec1 ngh\u0129a v\u1ee5 v\u00e0 quy\u1ec1n l\u1ee3i ph\u00e1p l\u00fd c\u1ee7a m\u00ecnh th\u00ec b\u1ea1n n\u00ean t\u00ecm ki\u1ebfm t\u01b0 v\u1ea5n ph\u00e1p l\u00fd \u0111\u1ed9c l\u1eadp.<\/p><h5>R\u1ee7i ro khi s\u1eed d\u1ee5ng video trong cu\u1ed9c h\u1eb9n<\/h5><p>RASA s\u1ebd ch\u1ec9 s\u1eed d\u1ee5ng c\u00e1c n\u1ec1n t\u1ea3ng h\u1ed9i ngh\u1ecb truy\u1ec1n h\u00ecnh v\u1eadn h\u00e0nh m\u00e3 h\u00f3a \u0111\u1ea7u cu\u1ed1i b\u1eb1ng Ti\u00eau chu\u1ea9n m\u00e3 h\u00f3a n\u00e2ng cao (AES) nh\u01b0 GoToMeeting v\u00e0 MS Teams. Tuy nhi\u00ean, ngay c\u1ea3 nh\u1eefng n\u1ec1n t\u1ea3ng n\u00e0y c\u0169ng c\u00f3 th\u1ec3 c\u00f3 nh\u1eefng l\u1ed7 h\u1ed5ng b\u1ea3o m\u1eadt ch\u01b0a x\u00e1c \u0111\u1ecbnh. N\u1ebfu ch\u00fang t\u00f4i ph\u00e1t hi\u1ec7n ra nh\u1eefng l\u1ed7 h\u1ed5ng nh\u01b0 v\u1eady, ch\u00fang t\u00f4i s\u1ebd ngay l\u1eadp t\u1ee9c \u201cv\u00e1\u201d ch\u00fang ho\u1eb7c chuy\u1ec3n sang n\u1ec1n t\u1ea3ng kh\u00e1c. Do \u0111\u00f3, m\u1eb7c d\u00f9 r\u1ea5t kh\u00f3 x\u1ea3y ra nh\u01b0ng c\u00e1c v\u00ed d\u1ee5 v\u1ec1 r\u1ee7i ro khi s\u1eed d\u1ee5ng video trong cu\u1ed9c h\u1eb9n bao g\u1ed3m:<\/p><ol><li>T\u00ecm v\u1ecb tr\u00ed c\u1ee7a ai \u0111\u00f3 b\u1eb1ng c\u00e1ch kh\u00e1m ph\u00e1 \u0111\u1ecba ch\u1ec9 IP c\u1ee7a h\u1ecd (t\u1ee9c l\u00e0 n\u01a1i m\u00e1y t\u00ednh c\u1ee7a b\u1ea1n \u0111\u01b0\u1ee3c k\u1ebft n\u1ed1i). R\u1ee7i ro n\u00e0y \u0111\u01b0\u1ee3c coi l\u00e0 th\u1ea5p v\u00e0 r\u1ee7i ro c\u1ee7a b\u1ea1n c\u00f3 th\u1ec3 \u0111\u01b0\u1ee3c gi\u1ea3m thi\u1ec3u b\u1eb1ng c\u00e1ch thay \u0111\u1ed5i \u0111\u1ecba ch\u1ec9 IP b\u1eb1ng c\u00e1ch kh\u1edfi \u0111\u1ed9ng l\u1ea1i modem c\u1ee7a b\u1ea1n (\u0111i\u1ec1u n\u00e0y c\u00f3 th\u1ec3 nh\u1eadn m\u1ed9t \u0111\u1ecba ch\u1ec9 IP kh\u00e1c t\u1eeb nh\u00f3m m\u00e0 Nh\u00e0 cung c\u1ea5p d\u1ecbch v\u1ee5 c\u1ee7a b\u1ea1n c\u00f3.<\/li><li>Ai \u0111\u00f3 c\u00f3 th\u1ec3 &#039;hack&#039; v\u00e0 nghe l\u00e9n ho\u1eb7c ghi l\u1ea1i cu\u1ed9c tr\u00f2 chuy\u1ec7n n\u1ebfu thi\u1ebft b\u1ecb b\u1ecb vi-r\u00fat x\u00e2m nh\u1eadp v\u00e0 ph\u00e1t hi\u1ec7n ho\u1ea1t \u0111\u1ed9ng tr\u00ean thi\u1ebft b\u1ecb \u0111\u00f3. R\u1ee7i ro n\u00e0y c\u1ee7a b\u1ea1n c\u00f3 th\u1ec3 \u0111\u01b0\u1ee3c gi\u1ea3m thi\u1ec3u b\u1eb1ng c\u00e1ch s\u1eed d\u1ee5ng ch\u01b0\u01a1ng tr\u00ecnh ch\u1ed1ng vi-r\u00fat v\u00e0 h\u1ec7 \u0111i\u1ec1u h\u00e0nh c\u1eadp nh\u1eadt.<\/li><li>Chi ph\u00ed ph\u00e1t sinh t\u1eeb vi\u1ec7c nh\u1eadn c\u00e1c cu\u1ed9c h\u1eb9n video. B\u1ea1n c\u00f3 th\u1ec3 gi\u1ea3m thi\u1ec3u r\u1ee7i ro n\u00e0y b\u1eb1ng c\u00e1ch ki\u1ec3m tra xem g\u00f3i d\u1eef li\u1ec7u c\u1ee7a b\u1ea1n c\u00f3 th\u1ec3 bao ph\u1ee7 kho\u1ea3ng 1 gb d\u1eef li\u1ec7u m\u1ed7i gi\u1edd cho c\u00e1c cu\u1ed9c h\u1eb9n hay b\u1eb1ng c\u00e1ch s\u1eed d\u1ee5ng g\u00f3i NBN ho\u1eb7c g\u00f3i b\u0103ng th\u00f4ng r\u1ed9ng kh\u00f4ng gi\u1edbi h\u1ea1n.<\/li><\/ol><p>Vi\u1ec7c s\u1eed d\u1ee5ng d\u1ecbch v\u1ee5 RASA qua video ho\u1eb7c \u0111i\u1ec7n tho\u1ea1i cho th\u1ea5y r\u1eb1ng b\u1ea1n th\u1eeba nh\u1eadn nh\u1eefng r\u1ee7i ro n\u00e0y nh\u01b0ng quy\u1ebft \u0111\u1ecbnh r\u1eb1ng l\u1ee3i \u00edch mang l\u1ea1i l\u00e0 \u0111\u00e1ng k\u1ec3 h\u01a1n. N\u1ebfu b\u1ea1n kh\u00f4ng ch\u1eafc ch\u1eafn th\u00ec h\u00e3y xem x\u00e9t t\u01b0 v\u1ea5n ph\u00e1p l\u00fd \u0111\u1ed9c l\u1eadp.<\/p>\t\t\t\t\t\t\t\t<\/div>\n\t\t\t\t<\/div>\n\t\t\t\t\t<\/div>\n\t\t\t\t<\/div>\n\t\t<div class=\"elementor-element elementor-element-f7737ee e-flex e-con-boxed e-con e-parent\" data-id=\"f7737ee\" data-element_type=\"container\" data-e-type=\"container\">\n\t\t\t\t\t<div class=\"e-con-inner\">\n\t\t\t\t<div class=\"elementor-element elementor-element-a58e00a elementor-widget elementor-widget-spacer\" data-id=\"a58e00a\" data-element_type=\"widget\" data-e-type=\"widget\" data-widget_type=\"spacer.default\">\n\t\t\t\t<div class=\"elementor-widget-container\">\n\t\t\t\t\t\t\t<div class=\"elementor-spacer\">\n\t\t\t<div class=\"elementor-spacer-inner\"><\/div>\n\t\t<\/div>\n\t\t\t\t\t\t<\/div>\n\t\t\t\t<\/div>\n\t\t\t\t\t<\/div>\n\t\t\t\t<\/div>\n\t\t<div class=\"elementor-element elementor-element-4d4b1595 e-flex e-con-boxed e-con e-parent\" data-id=\"4d4b1595\" data-element_type=\"container\" data-e-type=\"container\" data-settings=\"{&quot;background_background&quot;:&quot;classic&quot;}\">\n\t\t\t\t\t<div class=\"e-con-inner\">\n\t\t<div class=\"elementor-element elementor-element-6e3f646b e-con-full e-flex e-con e-child\" data-id=\"6e3f646b\" data-element_type=\"container\" data-e-type=\"container\">\n\t\t\t\t<div class=\"elementor-element elementor-element-36d1c75b elementor-widget elementor-widget-heading\" data-id=\"36d1c75b\" data-element_type=\"widget\" data-e-type=\"widget\" data-widget_type=\"heading.default\">\n\t\t\t\t<div class=\"elementor-widget-container\">\n\t\t\t\t\t<h3 class=\"elementor-heading-title elementor-size-default\">k\u1ebft n\u1ed1i v\u1edbi ch\u00fang t\u00f4i<\/h3>\t\t\t\t<\/div>\n\t\t\t\t<\/div>\n\t\t\t\t<div class=\"elementor-element elementor-element-517f7edc elementor-icon-list--layout-inline elementor-mobile-align-center elementor-list-item-link-full_width elementor-widget elementor-widget-icon-list\" data-id=\"517f7edc\" data-element_type=\"widget\" data-e-type=\"widget\" data-widget_type=\"icon-list.default\">\n\t\t\t\t<div class=\"elementor-widget-container\">\n\t\t\t\t\t\t\t<ul class=\"elementor-icon-list-items elementor-inline-items\">\n\t\t\t\t\t\t\t<li class=\"elementor-icon-list-item elementor-inline-item\">\n\t\t\t\t\t\t\t\t\t\t\t<a href=\"https:\/\/www.facebook.com\/RelationshipsAustraliaSA\" target=\"_blank\" rel=\"noopener\">\n\n\t\t\t\t\t\t\t\t\t\t\t\t<span class=\"elementor-icon-list-icon\">\n\t\t\t\t\t\t\t<svg xmlns=\"http:\/\/www.w3.org\/2000\/svg\" xmlns:xlink=\"http:\/\/www.w3.org\/1999\/xlink\" width=\"18.213\" height=\"18.213\" viewbox=\"0 0 18.213 18.213\"><defs><clippath id=\"a\"><path d=\"M0,0H18.213V-18.213H0Z\" fill=\"none\"><\/path><\/clippath><\/defs><g transform=\"translate(0 18.213)\"><g clip-path=\"url(#a)\"><g transform=\"translate(12.788 -18.213)\"><path d=\"M0,0H-7.362a5.433,5.433,0,0,0-5.426,5.426v7.361a5.433,5.433,0,0,0,5.426,5.426h4.288V11.007H-5.39V8.2h2.316V6.126c0-2.4,1.4-3.712,3.449-3.712a17.9,17.9,0,0,1,2.068.111V5.037H1.024c-1.114,0-1.329.554-1.329,1.368V8.2H2.35L2,11.007H-.305v7.206H0a5.432,5.432,0,0,0,5.426-5.426V5.426A5.432,5.432,0,0,0,0,0\" fill=\"#fff\"><\/path><\/g><\/g><\/g><\/svg>\t\t\t\t\t\t<\/span>\n\t\t\t\t\t\t\t\t\t\t<span class=\"elementor-icon-list-text\"><\/span>\n\t\t\t\t\t\t\t\t\t\t\t<\/a>\n\t\t\t\t\t\t\t\t\t<\/li>\n\t\t\t\t\t\t\t\t<li class=\"elementor-icon-list-item elementor-inline-item\">\n\t\t\t\t\t\t\t\t\t\t\t<a href=\"https:\/\/www.instagram.com\/relationshipsaustraliasa\/\" target=\"_blank\" rel=\"noopener\">\n\n\t\t\t\t\t\t\t\t\t\t\t\t<span class=\"elementor-icon-list-icon\">\n\t\t\t\t\t\t\t<svg xmlns=\"http:\/\/www.w3.org\/2000\/svg\" xmlns:xlink=\"http:\/\/www.w3.org\/1999\/xlink\" width=\"18.213\" height=\"18.213\" viewbox=\"0 0 18.213 18.213\"><defs><clippath id=\"a\"><path d=\"M0,0H18.213V-18.213H0Z\" fill=\"none\"><\/path><\/clippath><\/defs><g transform=\"translate(0 18.213)\"><g clip-path=\"url(#a)\"><g transform=\"translate(12.788 -18.213)\"><path d=\"M0,0H-7.362a5.432,5.432,0,0,0-5.425,5.426v7.361a5.432,5.432,0,0,0,5.425,5.426H0a5.432,5.432,0,0,0,5.426-5.426V5.426A5.432,5.432,0,0,0,0,0M-3.681,13.817a4.715,4.715,0,0,1-4.71-4.71A4.716,4.716,0,0,1-3.681,4.4,4.716,4.716,0,0,1,1.03,9.107a4.716,4.716,0,0,1-4.711,4.71M1.039,5.56A1.129,1.129,0,1,1,2.168,4.431,1.128,1.128,0,0,1,1.039,5.56\" fill=\"#fff\"><\/path><\/g><g transform=\"translate(9.107 -11.985)\"><path d=\"M0,0A2.879,2.879,0,0,0-2.879,2.878,2.879,2.879,0,0,0,0,5.757,2.879,2.879,0,0,0,2.879,2.878,2.879,2.879,0,0,0,0,0\" fill=\"#fff\"><\/path><\/g><\/g><\/g><\/svg>\t\t\t\t\t\t<\/span>\n\t\t\t\t\t\t\t\t\t\t<span class=\"elementor-icon-list-text\"><\/span>\n\t\t\t\t\t\t\t\t\t\t\t<\/a>\n\t\t\t\t\t\t\t\t\t<\/li>\n\t\t\t\t\t\t\t\t<li class=\"elementor-icon-list-item elementor-inline-item\">\n\t\t\t\t\t\t\t\t\t\t\t<a href=\"http:\/\/www.linkedin.com\/company\/955635?trk=NUS_CMPY_TWIT\" target=\"_blank\" rel=\"noopener\">\n\n\t\t\t\t\t\t\t\t\t\t\t\t<span class=\"elementor-icon-list-icon\">\n\t\t\t\t\t\t\t<svg xmlns=\"http:\/\/www.w3.org\/2000\/svg\" xmlns:xlink=\"http:\/\/www.w3.org\/1999\/xlink\" width=\"18.213\" height=\"18.213\" viewbox=\"0 0 18.213 18.213\"><defs><clippath id=\"a\"><path d=\"M0,0H18.213V-18.213H0Z\" fill=\"none\"><\/path><\/clippath><\/defs><g transform=\"translate(0 18.213)\"><g clip-path=\"url(#a)\"><g transform=\"translate(12.788 -18.213)\"><path d=\"M0,0H-7.362a5.432,5.432,0,0,0-5.425,5.426v7.361a5.432,5.432,0,0,0,5.425,5.426H0a5.432,5.432,0,0,0,5.426-5.426V5.426A5.432,5.432,0,0,0,0,0M-6.21,14.172H-8.126V7.98H-6.21Zm-.965-7.005A1.141,1.141,0,0,1-8.319,6.022,1.139,1.139,0,0,1-7.175,4.891,1.136,1.136,0,0,1-6.044,6.022,1.139,1.139,0,0,1-7.175,7.167M.957,14.172h-1.9V10.917c0-.882-.331-1.379-1.034-1.379-.771,0-1.171.511-1.171,1.379v3.255H-4.984V7.98H-3.15v.828A2.152,2.152,0,0,1-1.29,7.787,2.161,2.161,0,0,1,.957,10.256Z\" fill=\"#fff\"><\/path><\/g><\/g><\/g><\/svg>\t\t\t\t\t\t<\/span>\n\t\t\t\t\t\t\t\t\t\t<span class=\"elementor-icon-list-text\"><\/span>\n\t\t\t\t\t\t\t\t\t\t\t<\/a>\n\t\t\t\t\t\t\t\t\t<\/li>\n\t\t\t\t\t\t\t\t<li class=\"elementor-icon-list-item elementor-inline-item\">\n\t\t\t\t\t\t\t\t\t\t\t<a href=\"https:\/\/www.youtube.com\/@RelationshipSA\" target=\"_blank\" rel=\"noopener\">\n\n\t\t\t\t\t\t\t\t\t\t\t\t<span class=\"elementor-icon-list-icon\">\n\t\t\t\t\t\t\t<svg xmlns=\"http:\/\/www.w3.org\/2000\/svg\" xmlns:xlink=\"http:\/\/www.w3.org\/1999\/xlink\" width=\"18.208\" height=\"18.208\" viewbox=\"0 0 18.208 18.208\"><defs><clippath id=\"a\"><path d=\"M0,0H18.208V-18.208H0Z\" fill=\"none\"><\/path><\/clippath><\/defs><g transform=\"translate(0 18.208)\"><g clip-path=\"url(#a)\"><g transform=\"translate(0 -12.784)\"><path d=\"M0,0V7.359a5.431,5.431,0,0,0,5.424,5.425h7.36a5.431,5.431,0,0,0,5.424-5.425V0a5.431,5.431,0,0,0-5.424-5.424H5.424A5.43,5.43,0,0,0,0,0M13.654,3.376,5.192,7.763V-.129Z\" fill=\"#fff\"><\/path><\/g><\/g><\/g><\/svg>\t\t\t\t\t\t<\/span>\n\t\t\t\t\t\t\t\t\t\t<span class=\"elementor-icon-list-text\"><\/span>\n\t\t\t\t\t\t\t\t\t\t\t<\/a>\n\t\t\t\t\t\t\t\t\t<\/li>\n\t\t\t\t\t\t<\/ul>\n\t\t\t\t\t\t<\/div>\n\t\t\t\t<\/div>\n\t\t\t\t<\/div>\n\t\t<div class=\"elementor-element elementor-element-7775320e e-con-full e-flex e-con e-child\" data-id=\"7775320e\" data-element_type=\"container\" data-e-type=\"container\">\n\t\t\t\t<div class=\"elementor-element elementor-element-3bc5075c elementor-widget-tablet__width-initial elementor-widget elementor-widget-text-editor\" data-id=\"3bc5075c\" data-element_type=\"widget\" data-e-type=\"widget\" data-widget_type=\"text-editor.default\">\n\t\t\t\t<div class=\"elementor-widget-container\">\n\t\t\t\t\t\t\t\t\t<h3>Tham gia b\u1ea3n tin c\u1ee7a ch\u00fang t\u00f4i<\/h3>\n<p>Nh\u1eadn tin t\u1ee9c v\u00e0 n\u1ed9i dung m\u1edbi nh\u1ea5t.<\/p>\t\t\t\t\t\t\t\t<\/div>\n\t\t\t\t<\/div>\n\t\t\t\t<div class=\"elementor-element elementor-element-3cc798a elementor-button-info elementor-widget elementor-widget-button\" data-id=\"3cc798a\" data-element_type=\"widget\" data-e-type=\"widget\" data-widget_type=\"button.default\">\n\t\t\t\t<div class=\"elementor-widget-container\">\n\t\t\t\t\t\t\t\t\t<div class=\"elementor-button-wrapper\">\n\t\t\t\t\t<a class=\"elementor-button elementor-button-link elementor-size-sm\" href=\"#\">\n\t\t\t\t\t\t<span class=\"elementor-button-content-wrapper\">\n\t\t\t\t\t\t\t\t\t<span class=\"elementor-button-text\">\u0110\u1eb7t mua<\/span>\n\t\t\t\t\t<\/span>\n\t\t\t\t\t<\/a>\n\t\t\t\t<\/div>\n\t\t\t\t\t\t\t\t<\/div>\n\t\t\t\t<\/div>\n\t\t\t\t<\/div>\n\t\t\t\t\t<\/div>\n\t\t\t\t<\/div>\n\t\t<div class=\"elementor-element elementor-element-84cf1f1 e-flex e-con-boxed e-con e-parent\" data-id=\"84cf1f1\" data-element_type=\"container\" data-e-type=\"container\">\n\t\t\t\t\t<div class=\"e-con-inner\">\n\t\t\t\t\t<\/div>\n\t\t\t\t<\/div>\n\t\t\t\t<\/div>","protected":false},"excerpt":{"rendered":"<p>R\u1ee7i ro b\u1ed5 sung v\u1edbi c\u00e1c cu\u1ed9c h\u1eb9n qua video v\u00e0 \u0111i\u1ec7n tho\u1ea1i M\u1ed1i quan h\u1ec7 Australia SA (RASA) cung c\u1ea5p c\u00e1c cu\u1ed9c h\u1eb9n qua video v\u00e0 \u0111i\u1ec7n tho\u1ea1i. Th\u1ecfa thu\u1eadn n\u00e0y \u0111\u1eb7t ra\u2026<\/p>","protected":false},"author":15,"featured_media":26208,"parent":0,"menu_order":0,"comment_status":"closed","ping_status":"closed","template":"","meta":{"_acf_changed":false,"_relevanssi_hide_post":"","_relevanssi_hide_content":"","_relevanssi_pin_for_all":"","_relevanssi_pin_keywords":"","_relevanssi_unpin_keywords":"","_relevanssi_related_keywords":"","_relevanssi_related_include_ids":"","_relevanssi_related_exclude_ids":"","_relevanssi_related_no_append":"","_relevanssi_related_not_related":"","_relevanssi_related_posts":"","_relevanssi_noindex_reason":"","footnotes":""},"class_list":["post-26205","page","type-page","status-publish","has-post-thumbnail","hentry"],"acf":[],"_links":{"self":[{"href":"https:\/\/www.rasa.org.au\/vi\/wp-json\/wp\/v2\/pages\/26205","targetHints":{"allow":["GET"]}}],"collection":[{"href":"https:\/\/www.rasa.org.au\/vi\/wp-json\/wp\/v2\/pages"}],"about":[{"href":"https:\/\/www.rasa.org.au\/vi\/wp-json\/wp\/v2\/types\/page"}],"author":[{"embeddable":true,"href":"https:\/\/www.rasa.org.au\/vi\/wp-json\/wp\/v2\/users\/15"}],"replies":[{"embeddable":true,"href":"https:\/\/www.rasa.org.au\/vi\/wp-json\/wp\/v2\/comments?post=26205"}],"version-history":[{"count":4,"href":"https:\/\/www.rasa.org.au\/vi\/wp-json\/wp\/v2\/pages\/26205\/revisions"}],"predecessor-version":[{"id":26214,"href":"https:\/\/www.rasa.org.au\/vi\/wp-json\/wp\/v2\/pages\/26205\/revisions\/26214"}],"wp:featuredmedia":[{"embeddable":true,"href":"https:\/\/www.rasa.org.au\/vi\/wp-json\/wp\/v2\/media\/26208"}],"wp:attachment":[{"href":"https:\/\/www.rasa.org.au\/vi\/wp-json\/wp\/v2\/media?parent=26205"}],"curies":[{"name":"wp","href":"https:\/\/api.w.org\/{rel}","templated":true}]}}