{"id":24336,"date":"2024-02-12T15:26:00","date_gmt":"2024-02-12T04:26:00","guid":{"rendered":"https:\/\/relationshipsaustraliasa.kinsta.cloud\/?page_id=24336"},"modified":"2026-04-08T15:12:35","modified_gmt":"2026-04-08T05:42:35","slug":"telehealth","status":"publish","type":"page","link":"https:\/\/www.rasa.org.au\/vi\/telehealth\/","title":{"rendered":"Y t\u1ebf t\u1eeb xa"},"content":{"rendered":"<div data-elementor-type=\"wp-page\" data-elementor-id=\"24336\" class=\"elementor elementor-24336\" data-elementor-post-type=\"page\">\n\t\t\t\t<div class=\"elementor-element elementor-element-3098dd85 e-flex e-con-boxed e-con e-parent\" data-id=\"3098dd85\" data-element_type=\"container\" data-e-type=\"container\">\n\t\t\t\t\t<div class=\"e-con-inner\">\n\t\t\t\t<div class=\"elementor-element elementor-element-66c21078 elementor-widget elementor-widget-Elem_Featured_Text\" data-id=\"66c21078\" data-element_type=\"widget\" data-e-type=\"widget\" data-widget_type=\"Elem_Featured_Text.default\">\n\t\t\t\t<div class=\"elementor-widget-container\">\n\t\t\t\t\t      <div id=\"elem-featured-text-69e4a327bc3ec\" class=\"elem-featured-text\">\n        <div class=\"container\">\n          <h2 style=\"text-align: center\">T\u1ea5t c\u1ea3 c\u00e1c d\u1ecbch v\u1ee5 \u0111\u1ec1u c\u00f3 th\u1ec3 s\u1eed d\u1ee5ng RASA Telehealth.<\/h2>\n<p>Vui l\u00f2ng n\u00f3i chuy\u1ec7n v\u1edbi Nh\u00e2n vi\u00ean D\u1ecbch v\u1ee5 Kh\u00e1ch h\u00e0ng, C\u1ed1 v\u1ea5n Gia \u0111\u00ecnh ho\u1eb7c B\u00e1c s\u0129 c\u1ee7a b\u1ea1n v\u1ec1 l\u1ef1a ch\u1ecdn n\u00e0y.<\/p>\n        <\/div>\n\n                <script defer>\n          jQuery(function($) {\n            const element = $('#elem-featured-text-69e4a327bc3ec');\n          });\n        <\/script>\n      <\/div>\n        \t\t\t\t<\/div>\n\t\t\t\t<\/div>\n\t\t\t\t<div class=\"elementor-element elementor-element-6e67bd6 elementor-widget elementor-widget-text-editor\" data-id=\"6e67bd6\" data-element_type=\"widget\" data-e-type=\"widget\" data-widget_type=\"text-editor.default\">\n\t\t\t\t<div class=\"elementor-widget-container\">\n\t\t\t\t\t\t\t\t\t<h2>C\u00e1ch th\u1ef1c hi\u1ec7n cu\u1ed9c g\u1ecdi video v\u00e0 kh\u1eafc ph\u1ee5c s\u1ef1 c\u1ed1<\/h2><p>N\u1ec1n t\u1ea3ng telehealth c\u1ee7a ch\u00fang t\u00f4i \u0111\u01b0\u1ee3c cung c\u1ea5p b\u1edfi Coviu (ph\u00e1t \u00e2m l\u00e0 &#039;co-view&#039;), m\u1ed9t s\u1ea3n ph\u1ea9m do \u00dac s\u1ea3n xu\u1ea5t. N\u1ec1n t\u1ea3ng telehealth c\u1ee7a ch\u00fang t\u00f4i c\u00f3 th\u1ec3 ho\u1ea1t \u0111\u1ed9ng tr\u00ean m\u00e1y t\u00ednh \u0111\u1ec3 b\u00e0n, m\u00e1y t\u00ednh x\u00e1ch tay, m\u00e1y t\u00ednh b\u1ea3ng ho\u1eb7c \u0111i\u1ec7n tho\u1ea1i di \u0111\u1ed9ng. Thi\u1ebft b\u1ecb c\u1ee7a b\u1ea1n s\u1ebd c\u1ea7n c\u00f3 camera, micr\u00f4 v\u00e0 loa ho\u1eb7c tai nghe s\u1eb5n c\u00f3 m\u00e0 b\u1ea1n c\u1eafm v\u00e0o.<\/p><p>For free internet access, visit your <a href=\"https:\/\/www.libraries.sa.gov.au\/client\/en_AU\/sapubliclibraries\/?rm=SA+PUBLIC+LIBR0%7C%7C%7C1%7C%7C%7C0%7C%7C%7Ctrue&amp;dt=list\" target=\"_blank\" rel=\"noopener\">local library<\/a>.\u00a0<\/p><p>Ch\u00fang t\u00f4i khuy\u00ean b\u1ea1n n\u00ean s\u1eed d\u1ee5ng c\u00e1c tr\u00ecnh duy\u1ec7t sau.<\/p><p>M\u00e1y t\u00ednh c\u00e1 nh\u00e2n: Tr\u00ecnh duy\u1ec7t Google Chrome, m\u1eb7c d\u00f9 Firefox v\u00e0 Microsoft Edge 76+ c\u0169ng s\u1ebd ho\u1ea1t \u0111\u1ed9ng.<\/p><p>iPhone ho\u1eb7c iPad: Safari 12+.<\/p><p>\u0110i\u1ec7n tho\u1ea1i Android: Tr\u00ecnh duy\u1ec7t Google Chrome.<\/p><p>N\u1ebfu b\u1ea1n c\u1ea7n ki\u1ec3m tra ho\u1eb7c c\u1eadp nh\u1eadt tr\u00ecnh duy\u1ec7t c\u1ee7a m\u00ecnh, b\u1ea1n c\u00f3 th\u1ec3 th\u1ef1c hi\u1ec7n b\u1eb1ng li\u00ean k\u1ebft n\u00e0y https:\/\/www.whatsmybrowser.org\/.<\/p><p>\u0110\u1ec3 ki\u1ec3m tra xem thi\u1ebft l\u1eadp c\u1ee7a b\u1ea1n \u0111\u00e3 ho\u00e0n t\u1ea5t ch\u01b0a, h\u00e3y ch\u1ea1y <a href=\"https:\/\/tools.coviu.com\/precall\/\" target=\"_blank\" rel=\"noopener\">ki\u1ec3m tra tr\u01b0\u1edbc cu\u1ed9c g\u1ecdi<\/a>.<\/p>\t\t\t\t\t\t\t\t<\/div>\n\t\t\t\t<\/div>\n\t\t\t\t<div class=\"elementor-element elementor-element-29d0955 elementor-widget elementor-widget-Elem_Two_Up_With_Video\" data-id=\"29d0955\" data-element_type=\"widget\" data-e-type=\"widget\" data-widget_type=\"Elem_Two_Up_With_Video.default\">\n\t\t\t\t<div class=\"elementor-widget-container\">\n\t\t\t\t\t    <div id=\"elem-two-up-with-video-69e4a327be1a9\" class=\"elem-two-up-with-video\">\n      <div class=\"row g-0\">\n        <div class=\"col-12 col-lg-8\">\n                    <a href=\"https:\/\/www.youtube.com\/watch?v=F6kbNXEYVhQ&#038;t=2s\" class=\"elem-two-up-with-video__image\" data-lity target=\"_blank\" rel=\"noopener\">\n            \n                              <img src=\"https:\/\/www.rasa.org.au\/wp-content\/uploads\/2022\/09\/Screen-Shot-2021-12-17-at-5.56.27-pm.jpg\"\n                     class=\"img-fluid\"\n                     alt=\"Thank you for getting in touch\"\n                     loading=\"lazy\"\n                     decoding=\"async\"\n                \/>\n              \n                              <div class=\"elem-two-up-with-video__image__video-play-icon\">\n                  <img src=\"https:\/\/www.rasa.org.au\/wp-content\/themes\/ra-sa\/app\/assets\/images\/icons\/video-play.svg\"\n                       alt=\"Video Play\"\n                       loading=\"lazy\"\n                       decoding=\"async\"\n                  >\n                <\/div>\n              \n                        <\/a>\n                <\/div>\n      <\/div>\n\n      <div class=\"row g-0\">\n        <div class=\"col-12 col-lg-4 col-xl-6\"><\/div>\n        <div class=\"col-12 col-lg-8 col-xl-6\">\n          <div class=\"elem-two-up-with-video__content-box wow fadeInUp\">\n                          <div class=\"elem-two-up-with-video__content-box__content\">\n                <h3>Th\u00f4ng tin kh\u00e1ch h\u00e0ng cho cu\u1ed9c g\u1ecdi video telehealth<\/h3>\n<p>Xem video ho\u1eb7c l\u00e0m theo h\u01b0\u1edbng d\u1eabn b\u00ean d\u01b0\u1edbi.<\/p>\n              <\/div>\n            \n                          <div class=\"elem-two-up-with-video__content-box__button\">\n                  <a href=\"https:\/\/www.youtube.com\/watch?v=F6kbNXEYVhQ&#038;t=2s\"     class=\"comp-button comp-button--default\"\n     tabindex=\"0\" role=\"button\"       >\n    Xem video  <\/a>\n              <\/div>\n                      <\/div>\n        <\/div>\n      <\/div>\n\n            <script defer>\n        jQuery(function($) {\n          const element = $('#elem-two-up-with-video-69e4a327be1a9');\n        });\n      <\/script>\n    <\/div>\n    \t\t\t\t<\/div>\n\t\t\t\t<\/div>\n\t\t\t\t\t<\/div>\n\t\t\t\t<\/div>\n\t\t<div class=\"elementor-element elementor-element-f7737ee e-flex e-con-boxed e-con e-parent\" data-id=\"f7737ee\" data-element_type=\"container\" data-e-type=\"container\">\n\t\t\t\t\t<div class=\"e-con-inner\">\n\t\t\t\t<div class=\"elementor-element elementor-element-64794df elementor-widget elementor-widget-text-editor\" data-id=\"64794df\" data-element_type=\"widget\" data-e-type=\"widget\" data-widget_type=\"text-editor.default\">\n\t\t\t\t<div class=\"elementor-widget-container\">\n\t\t\t\t\t\t\t\t\t<p><strong>H\u01b0\u1edbng d\u1eabn t\u1eebng b\u01b0\u1edbc m\u1ed9t<\/strong><\/p>\t\t\t\t\t\t\t\t<\/div>\n\t\t\t\t<\/div>\n\t\t\t\t<div class=\"elementor-element elementor-element-f420de7 elementor-widget elementor-widget-text-editor\" data-id=\"f420de7\" data-element_type=\"widget\" data-e-type=\"widget\" data-widget_type=\"text-editor.default\">\n\t\t\t\t<div class=\"elementor-widget-container\">\n\t\t\t\t\t\t\t\t\t<p><strong>1. S\u1eed d\u1ee5ng thi\u1ebft b\u1ecb c\u00f3 quy\u1ec1n truy c\u1eadp micr\u00f4 v\u00e0 camera<br \/><\/strong>S\u1eed d\u1ee5ng tr\u00ecnh duy\u1ec7t Safari tr\u00ean iPhone ho\u1eb7c iPad ho\u1eb7c tr\u00ecnh duy\u1ec7t Google Chrome tr\u00ean t\u1ea5t c\u1ea3 c\u00e1c thi\u1ebft b\u1ecb kh\u00e1c.<\/p><p><img decoding=\"async\" class=\"alignnone wp-image-24867\" src=\"https:\/\/www.rasa.org.au\/wp-content\/uploads\/2024\/02\/devices.png\" alt=\"\" width=\"225\" height=\"135\" srcset=\"https:\/\/www.rasa.org.au\/wp-content\/uploads\/2024\/02\/devices.png 764w, https:\/\/www.rasa.org.au\/wp-content\/uploads\/2024\/02\/devices-300x180.png 300w, https:\/\/www.rasa.org.au\/wp-content\/uploads\/2024\/02\/devices-18x12.png 18w\" sizes=\"(max-width: 225px) 100vw, 225px\" \/><\/p><p><strong>2. B\u1ea5m v\u00e0o l\u1eddi m\u1eddi phi\u00ean <\/strong><\/p><p><img decoding=\"async\" class=\"alignnone wp-image-24869\" src=\"https:\/\/www.rasa.org.au\/wp-content\/uploads\/2024\/02\/join-768x101-2.png\" alt=\"\" width=\"320\" height=\"42\" srcset=\"https:\/\/www.rasa.org.au\/wp-content\/uploads\/2024\/02\/join-768x101-2.png 768w, https:\/\/www.rasa.org.au\/wp-content\/uploads\/2024\/02\/join-768x101-2-300x39.png 300w, https:\/\/www.rasa.org.au\/wp-content\/uploads\/2024\/02\/join-768x101-2-18x2.png 18w\" sizes=\"(max-width: 320px) 100vw, 320px\" \/><\/p><p><strong>3. Cho ph\u00e9p truy c\u1eadp micr\u00f4 v\u00e0 camera<\/strong><\/p><p><img decoding=\"async\" class=\"alignnone wp-image-24874\" src=\"https:\/\/www.rasa.org.au\/wp-content\/uploads\/2024\/02\/enable.png\" alt=\"\" width=\"211\" height=\"144\" srcset=\"https:\/\/www.rasa.org.au\/wp-content\/uploads\/2024\/02\/enable.png 622w, https:\/\/www.rasa.org.au\/wp-content\/uploads\/2024\/02\/enable-300x205.png 300w, https:\/\/www.rasa.org.au\/wp-content\/uploads\/2024\/02\/enable-18x12.png 18w\" sizes=\"(max-width: 211px) 100vw, 211px\" \/><\/p><p><strong>4. Ki\u1ec3m tra camera<\/strong><\/p><p><img loading=\"lazy\" decoding=\"async\" class=\"alignnone wp-image-24873\" src=\"https:\/\/www.rasa.org.au\/wp-content\/uploads\/2024\/02\/Step3.jpeg\" alt=\"\" width=\"212\" height=\"311\" srcset=\"https:\/\/www.rasa.org.au\/wp-content\/uploads\/2024\/02\/Step3.jpeg 420w, https:\/\/www.rasa.org.au\/wp-content\/uploads\/2024\/02\/Step3-205x300.jpeg 205w, https:\/\/www.rasa.org.au\/wp-content\/uploads\/2024\/02\/Step3-8x12.jpeg 8w\" sizes=\"(max-width: 212px) 100vw, 212px\" \/><\/p><p><strong>5. Ki\u1ec3m tra loa<\/strong><\/p><p><img loading=\"lazy\" decoding=\"async\" class=\"alignnone wp-image-24872\" src=\"https:\/\/www.rasa.org.au\/wp-content\/uploads\/2024\/02\/Step5.jpeg\" alt=\"\" width=\"209\" height=\"321\" srcset=\"https:\/\/www.rasa.org.au\/wp-content\/uploads\/2024\/02\/Step5.jpeg 410w, https:\/\/www.rasa.org.au\/wp-content\/uploads\/2024\/02\/Step5-195x300.jpeg 195w, https:\/\/www.rasa.org.au\/wp-content\/uploads\/2024\/02\/Step5-8x12.jpeg 8w\" sizes=\"(max-width: 209px) 100vw, 209px\" \/><\/p><p><strong>6. Ki\u1ec3m tra micr\u00f4<\/strong><\/p><p><img loading=\"lazy\" decoding=\"async\" class=\"alignnone wp-image-24871\" src=\"https:\/\/www.rasa.org.au\/wp-content\/uploads\/2024\/02\/Step6.jpeg\" alt=\"\" width=\"204\" height=\"311\" srcset=\"https:\/\/www.rasa.org.au\/wp-content\/uploads\/2024\/02\/Step6.jpeg 410w, https:\/\/www.rasa.org.au\/wp-content\/uploads\/2024\/02\/Step6-197x300.jpeg 197w, https:\/\/www.rasa.org.au\/wp-content\/uploads\/2024\/02\/Step6-8x12.jpeg 8w\" sizes=\"(max-width: 204px) 100vw, 204px\" \/><\/p><p><strong>7. Ch\u1ee5p \u1ea3nh, nh\u1eadp t\u00ean c\u1ee7a b\u1ea1n v\u00e0 nh\u1ea5p v\u00e0o ti\u1ebfp t\u1ee5c<br \/><\/strong><\/p><p><img loading=\"lazy\" decoding=\"async\" class=\"alignnone wp-image-24870\" src=\"https:\/\/www.rasa.org.au\/wp-content\/uploads\/2024\/02\/picture.png\" alt=\"\" width=\"274\" height=\"249\" srcset=\"https:\/\/www.rasa.org.au\/wp-content\/uploads\/2024\/02\/picture.png 680w, https:\/\/www.rasa.org.au\/wp-content\/uploads\/2024\/02\/picture-300x273.png 300w, https:\/\/www.rasa.org.au\/wp-content\/uploads\/2024\/02\/picture-13x12.png 13w\" sizes=\"(max-width: 274px) 100vw, 274px\" \/><\/p><p>Vui l\u00f2ng \u0111\u1ee3i cho \u0111\u1ebfn khi b\u00e1c s\u0129 l\u00e2m s\u00e0ng cho ph\u00e9p b\u1ea1n v\u00e0o ph\u00f2ng c\u1ee7a h\u1ecd \u0111\u1ec3 b\u1eaft \u0111\u1ea7u bu\u1ed5i kh\u00e1m.<\/p><p>\u00a0<\/p>\t\t\t\t\t\t\t\t<\/div>\n\t\t\t\t<\/div>\n\t\t\t\t<div class=\"elementor-element elementor-element-b8e006d elementor-align-left elementor-widget elementor-widget-button\" data-id=\"b8e006d\" data-element_type=\"widget\" data-e-type=\"widget\" data-widget_type=\"button.default\">\n\t\t\t\t<div class=\"elementor-widget-container\">\n\t\t\t\t\t\t\t\t\t<div class=\"elementor-button-wrapper\">\n\t\t\t\t\t<a class=\"elementor-button elementor-button-link elementor-size-sm\" href=\"https:\/\/www.rasa.org.au\/vi\/video-phone-consent\/\" target=\"_blank\">\n\t\t\t\t\t\t<span class=\"elementor-button-content-wrapper\">\n\t\t\t\t\t\t\t\t\t<span class=\"elementor-button-text\">B\u1ea5m v\u00e0o \u0111\u00e2y \u0111\u1ec3 bi\u1ebft th\u00f4ng tin cu\u1ed9c h\u1eb9n qua video v\u00e0 \u0111i\u1ec7n tho\u1ea1i<\/span>\n\t\t\t\t\t<\/span>\n\t\t\t\t\t<\/a>\n\t\t\t\t<\/div>\n\t\t\t\t\t\t\t\t<\/div>\n\t\t\t\t<\/div>\n\t\t\t\t<div class=\"elementor-element elementor-element-a58e00a elementor-widget elementor-widget-spacer\" data-id=\"a58e00a\" data-element_type=\"widget\" data-e-type=\"widget\" data-widget_type=\"spacer.default\">\n\t\t\t\t<div class=\"elementor-widget-container\">\n\t\t\t\t\t\t\t<div class=\"elementor-spacer\">\n\t\t\t<div class=\"elementor-spacer-inner\"><\/div>\n\t\t<\/div>\n\t\t\t\t\t\t<\/div>\n\t\t\t\t<\/div>\n\t\t\t\t\t<\/div>\n\t\t\t\t<\/div>\n\t\t<div class=\"elementor-element elementor-element-4d4b1595 e-flex e-con-boxed e-con e-parent\" data-id=\"4d4b1595\" data-element_type=\"container\" data-e-type=\"container\" data-settings=\"{&quot;background_background&quot;:&quot;classic&quot;}\">\n\t\t\t\t\t<div class=\"e-con-inner\">\n\t\t<div class=\"elementor-element elementor-element-6e3f646b e-con-full e-flex e-con e-child\" data-id=\"6e3f646b\" data-element_type=\"container\" data-e-type=\"container\">\n\t\t\t\t<div class=\"elementor-element elementor-element-36d1c75b elementor-widget elementor-widget-heading\" data-id=\"36d1c75b\" data-element_type=\"widget\" data-e-type=\"widget\" data-widget_type=\"heading.default\">\n\t\t\t\t<div class=\"elementor-widget-container\">\n\t\t\t\t\t<h3 class=\"elementor-heading-title elementor-size-default\">k\u1ebft n\u1ed1i v\u1edbi ch\u00fang t\u00f4i<\/h3>\t\t\t\t<\/div>\n\t\t\t\t<\/div>\n\t\t\t\t<div class=\"elementor-element elementor-element-517f7edc elementor-icon-list--layout-inline elementor-mobile-align-center elementor-list-item-link-full_width elementor-widget elementor-widget-icon-list\" data-id=\"517f7edc\" data-element_type=\"widget\" data-e-type=\"widget\" data-widget_type=\"icon-list.default\">\n\t\t\t\t<div class=\"elementor-widget-container\">\n\t\t\t\t\t\t\t<ul class=\"elementor-icon-list-items elementor-inline-items\">\n\t\t\t\t\t\t\t<li class=\"elementor-icon-list-item elementor-inline-item\">\n\t\t\t\t\t\t\t\t\t\t\t<a href=\"https:\/\/www.facebook.com\/RelationshipsAustraliaSA\" target=\"_blank\" rel=\"noopener\">\n\n\t\t\t\t\t\t\t\t\t\t\t\t<span class=\"elementor-icon-list-icon\">\n\t\t\t\t\t\t\t<svg xmlns=\"http:\/\/www.w3.org\/2000\/svg\" xmlns:xlink=\"http:\/\/www.w3.org\/1999\/xlink\" width=\"18.213\" height=\"18.213\" viewbox=\"0 0 18.213 18.213\"><defs><clippath id=\"a\"><path d=\"M0,0H18.213V-18.213H0Z\" fill=\"none\"><\/path><\/clippath><\/defs><g transform=\"translate(0 18.213)\"><g clip-path=\"url(#a)\"><g transform=\"translate(12.788 -18.213)\"><path d=\"M0,0H-7.362a5.433,5.433,0,0,0-5.426,5.426v7.361a5.433,5.433,0,0,0,5.426,5.426h4.288V11.007H-5.39V8.2h2.316V6.126c0-2.4,1.4-3.712,3.449-3.712a17.9,17.9,0,0,1,2.068.111V5.037H1.024c-1.114,0-1.329.554-1.329,1.368V8.2H2.35L2,11.007H-.305v7.206H0a5.432,5.432,0,0,0,5.426-5.426V5.426A5.432,5.432,0,0,0,0,0\" fill=\"#fff\"><\/path><\/g><\/g><\/g><\/svg>\t\t\t\t\t\t<\/span>\n\t\t\t\t\t\t\t\t\t\t<span class=\"elementor-icon-list-text\"><\/span>\n\t\t\t\t\t\t\t\t\t\t\t<\/a>\n\t\t\t\t\t\t\t\t\t<\/li>\n\t\t\t\t\t\t\t\t<li class=\"elementor-icon-list-item elementor-inline-item\">\n\t\t\t\t\t\t\t\t\t\t\t<a href=\"https:\/\/www.instagram.com\/relationshipsaustraliasa\/\" target=\"_blank\" rel=\"noopener\">\n\n\t\t\t\t\t\t\t\t\t\t\t\t<span class=\"elementor-icon-list-icon\">\n\t\t\t\t\t\t\t<svg xmlns=\"http:\/\/www.w3.org\/2000\/svg\" xmlns:xlink=\"http:\/\/www.w3.org\/1999\/xlink\" width=\"18.213\" height=\"18.213\" viewbox=\"0 0 18.213 18.213\"><defs><clippath id=\"a\"><path d=\"M0,0H18.213V-18.213H0Z\" fill=\"none\"><\/path><\/clippath><\/defs><g transform=\"translate(0 18.213)\"><g clip-path=\"url(#a)\"><g transform=\"translate(12.788 -18.213)\"><path d=\"M0,0H-7.362a5.432,5.432,0,0,0-5.425,5.426v7.361a5.432,5.432,0,0,0,5.425,5.426H0a5.432,5.432,0,0,0,5.426-5.426V5.426A5.432,5.432,0,0,0,0,0M-3.681,13.817a4.715,4.715,0,0,1-4.71-4.71A4.716,4.716,0,0,1-3.681,4.4,4.716,4.716,0,0,1,1.03,9.107a4.716,4.716,0,0,1-4.711,4.71M1.039,5.56A1.129,1.129,0,1,1,2.168,4.431,1.128,1.128,0,0,1,1.039,5.56\" fill=\"#fff\"><\/path><\/g><g transform=\"translate(9.107 -11.985)\"><path d=\"M0,0A2.879,2.879,0,0,0-2.879,2.878,2.879,2.879,0,0,0,0,5.757,2.879,2.879,0,0,0,2.879,2.878,2.879,2.879,0,0,0,0,0\" fill=\"#fff\"><\/path><\/g><\/g><\/g><\/svg>\t\t\t\t\t\t<\/span>\n\t\t\t\t\t\t\t\t\t\t<span class=\"elementor-icon-list-text\"><\/span>\n\t\t\t\t\t\t\t\t\t\t\t<\/a>\n\t\t\t\t\t\t\t\t\t<\/li>\n\t\t\t\t\t\t\t\t<li class=\"elementor-icon-list-item elementor-inline-item\">\n\t\t\t\t\t\t\t\t\t\t\t<a href=\"http:\/\/www.linkedin.com\/company\/955635?trk=NUS_CMPY_TWIT\" target=\"_blank\" rel=\"noopener\">\n\n\t\t\t\t\t\t\t\t\t\t\t\t<span class=\"elementor-icon-list-icon\">\n\t\t\t\t\t\t\t<svg xmlns=\"http:\/\/www.w3.org\/2000\/svg\" xmlns:xlink=\"http:\/\/www.w3.org\/1999\/xlink\" width=\"18.213\" height=\"18.213\" viewbox=\"0 0 18.213 18.213\"><defs><clippath id=\"a\"><path d=\"M0,0H18.213V-18.213H0Z\" fill=\"none\"><\/path><\/clippath><\/defs><g transform=\"translate(0 18.213)\"><g clip-path=\"url(#a)\"><g transform=\"translate(12.788 -18.213)\"><path d=\"M0,0H-7.362a5.432,5.432,0,0,0-5.425,5.426v7.361a5.432,5.432,0,0,0,5.425,5.426H0a5.432,5.432,0,0,0,5.426-5.426V5.426A5.432,5.432,0,0,0,0,0M-6.21,14.172H-8.126V7.98H-6.21Zm-.965-7.005A1.141,1.141,0,0,1-8.319,6.022,1.139,1.139,0,0,1-7.175,4.891,1.136,1.136,0,0,1-6.044,6.022,1.139,1.139,0,0,1-7.175,7.167M.957,14.172h-1.9V10.917c0-.882-.331-1.379-1.034-1.379-.771,0-1.171.511-1.171,1.379v3.255H-4.984V7.98H-3.15v.828A2.152,2.152,0,0,1-1.29,7.787,2.161,2.161,0,0,1,.957,10.256Z\" fill=\"#fff\"><\/path><\/g><\/g><\/g><\/svg>\t\t\t\t\t\t<\/span>\n\t\t\t\t\t\t\t\t\t\t<span class=\"elementor-icon-list-text\"><\/span>\n\t\t\t\t\t\t\t\t\t\t\t<\/a>\n\t\t\t\t\t\t\t\t\t<\/li>\n\t\t\t\t\t\t\t\t<li class=\"elementor-icon-list-item elementor-inline-item\">\n\t\t\t\t\t\t\t\t\t\t\t<a href=\"https:\/\/www.youtube.com\/@RelationshipSA\" target=\"_blank\" rel=\"noopener\">\n\n\t\t\t\t\t\t\t\t\t\t\t\t<span class=\"elementor-icon-list-icon\">\n\t\t\t\t\t\t\t<svg xmlns=\"http:\/\/www.w3.org\/2000\/svg\" xmlns:xlink=\"http:\/\/www.w3.org\/1999\/xlink\" width=\"18.208\" height=\"18.208\" viewbox=\"0 0 18.208 18.208\"><defs><clippath id=\"a\"><path d=\"M0,0H18.208V-18.208H0Z\" fill=\"none\"><\/path><\/clippath><\/defs><g transform=\"translate(0 18.208)\"><g clip-path=\"url(#a)\"><g transform=\"translate(0 -12.784)\"><path d=\"M0,0V7.359a5.431,5.431,0,0,0,5.424,5.425h7.36a5.431,5.431,0,0,0,5.424-5.425V0a5.431,5.431,0,0,0-5.424-5.424H5.424A5.43,5.43,0,0,0,0,0M13.654,3.376,5.192,7.763V-.129Z\" fill=\"#fff\"><\/path><\/g><\/g><\/g><\/svg>\t\t\t\t\t\t<\/span>\n\t\t\t\t\t\t\t\t\t\t<span class=\"elementor-icon-list-text\"><\/span>\n\t\t\t\t\t\t\t\t\t\t\t<\/a>\n\t\t\t\t\t\t\t\t\t<\/li>\n\t\t\t\t\t\t<\/ul>\n\t\t\t\t\t\t<\/div>\n\t\t\t\t<\/div>\n\t\t\t\t<\/div>\n\t\t<div class=\"elementor-element elementor-element-7775320e e-con-full e-flex e-con e-child\" data-id=\"7775320e\" data-element_type=\"container\" data-e-type=\"container\">\n\t\t\t\t<div class=\"elementor-element elementor-element-3bc5075c elementor-widget-tablet__width-initial elementor-widget elementor-widget-text-editor\" data-id=\"3bc5075c\" data-element_type=\"widget\" data-e-type=\"widget\" data-widget_type=\"text-editor.default\">\n\t\t\t\t<div class=\"elementor-widget-container\">\n\t\t\t\t\t\t\t\t\t<h3>Tham gia b\u1ea3n tin c\u1ee7a ch\u00fang t\u00f4i<\/h3>\n<p>Nh\u1eadn tin t\u1ee9c v\u00e0 n\u1ed9i dung m\u1edbi nh\u1ea5t.<\/p>\t\t\t\t\t\t\t\t<\/div>\n\t\t\t\t<\/div>\n\t\t\t\t<div class=\"elementor-element elementor-element-3cc798a elementor-button-info elementor-widget elementor-widget-button\" data-id=\"3cc798a\" data-element_type=\"widget\" data-e-type=\"widget\" data-widget_type=\"button.default\">\n\t\t\t\t<div class=\"elementor-widget-container\">\n\t\t\t\t\t\t\t\t\t<div class=\"elementor-button-wrapper\">\n\t\t\t\t\t<a class=\"elementor-button elementor-button-link elementor-size-sm\" href=\"#\">\n\t\t\t\t\t\t<span class=\"elementor-button-content-wrapper\">\n\t\t\t\t\t\t\t\t\t<span class=\"elementor-button-text\">\u0110\u1eb7t mua<\/span>\n\t\t\t\t\t<\/span>\n\t\t\t\t\t<\/a>\n\t\t\t\t<\/div>\n\t\t\t\t\t\t\t\t<\/div>\n\t\t\t\t<\/div>\n\t\t\t\t<\/div>\n\t\t\t\t\t<\/div>\n\t\t\t\t<\/div>\n\t\t<div class=\"elementor-element elementor-element-84cf1f1 e-flex e-con-boxed e-con e-parent\" data-id=\"84cf1f1\" data-element_type=\"container\" data-e-type=\"container\">\n\t\t\t\t\t<div class=\"e-con-inner\">\n\t\t\t\t\t<\/div>\n\t\t\t\t<\/div>\n\t\t\t\t<\/div>","protected":false},"excerpt":{"rendered":"<p>T\u1ea5t c\u1ea3 c\u00e1c d\u1ecbch v\u1ee5 \u0111\u1ec1u c\u00f3 th\u1ec3 s\u1eed d\u1ee5ng RASA Telehealth. Vui l\u00f2ng n\u00f3i chuy\u1ec7n v\u1edbi Nh\u00e2n vi\u00ean D\u1ecbch v\u1ee5 Kh\u00e1ch h\u00e0ng, C\u1ed1 v\u1ea5n Gia \u0111\u00ecnh ho\u1eb7c B\u00e1c s\u0129 c\u1ee7a b\u1ea1n v\u1ec1 v\u1ea5n \u0111\u1ec1 n\u00e0y\u2026<\/p>","protected":false},"author":23,"featured_media":2469,"parent":0,"menu_order":0,"comment_status":"closed","ping_status":"closed","template":"","meta":{"_acf_changed":false,"_relevanssi_hide_post":"","_relevanssi_hide_content":"","_relevanssi_pin_for_all":"","_relevanssi_pin_keywords":"","_relevanssi_unpin_keywords":"","_relevanssi_related_keywords":"","_relevanssi_related_include_ids":"","_relevanssi_related_exclude_ids":"","_relevanssi_related_no_append":"","_relevanssi_related_not_related":"","_relevanssi_related_posts":"","_relevanssi_noindex_reason":"","footnotes":""},"class_list":["post-24336","page","type-page","status-publish","has-post-thumbnail","hentry"],"acf":[],"_links":{"self":[{"href":"https:\/\/www.rasa.org.au\/vi\/wp-json\/wp\/v2\/pages\/24336","targetHints":{"allow":["GET"]}}],"collection":[{"href":"https:\/\/www.rasa.org.au\/vi\/wp-json\/wp\/v2\/pages"}],"about":[{"href":"https:\/\/www.rasa.org.au\/vi\/wp-json\/wp\/v2\/types\/page"}],"author":[{"embeddable":true,"href":"https:\/\/www.rasa.org.au\/vi\/wp-json\/wp\/v2\/users\/23"}],"replies":[{"embeddable":true,"href":"https:\/\/www.rasa.org.au\/vi\/wp-json\/wp\/v2\/comments?post=24336"}],"version-history":[{"count":3,"href":"https:\/\/www.rasa.org.au\/vi\/wp-json\/wp\/v2\/pages\/24336\/revisions"}],"predecessor-version":[{"id":31868,"href":"https:\/\/www.rasa.org.au\/vi\/wp-json\/wp\/v2\/pages\/24336\/revisions\/31868"}],"wp:featuredmedia":[{"embeddable":true,"href":"https:\/\/www.rasa.org.au\/vi\/wp-json\/wp\/v2\/media\/2469"}],"wp:attachment":[{"href":"https:\/\/www.rasa.org.au\/vi\/wp-json\/wp\/v2\/media?parent=24336"}],"curies":[{"name":"wp","href":"https:\/\/api.w.org\/{rel}","templated":true}]}}