{"id":26205,"date":"2024-03-14T11:40:17","date_gmt":"2024-03-14T00:40:17","guid":{"rendered":"https:\/\/www.rasa.org.au\/?page_id=26205"},"modified":"2024-03-14T11:52:09","modified_gmt":"2024-03-14T00:52:09","slug":"video-phone-consent","status":"publish","type":"page","link":"https:\/\/www.rasa.org.au\/it\/video-phone-consent\/","title":{"rendered":"Informazioni sugli appuntamenti video e telefonici"},"content":{"rendered":"<div data-elementor-type=\"wp-page\" data-elementor-id=\"26205\" class=\"elementor elementor-26205\" data-elementor-post-type=\"page\">\n\t\t\t\t<div class=\"elementor-element elementor-element-3098dd85 e-flex e-con-boxed e-con e-parent\" data-id=\"3098dd85\" data-element_type=\"container\" data-e-type=\"container\">\n\t\t\t\t\t<div class=\"e-con-inner\">\n\t\t\t\t<div class=\"elementor-element elementor-element-66c21078 elementor-widget elementor-widget-Elem_Featured_Text\" data-id=\"66c21078\" data-element_type=\"widget\" data-e-type=\"widget\" data-widget_type=\"Elem_Featured_Text.default\">\n\t\t\t\t<div class=\"elementor-widget-container\">\n\t\t\t\t\t      <div id=\"elem-featured-text-69d6528833898\" class=\"elem-featured-text\">\n        <div class=\"container\">\n          <h1 class=\"title\">Rischi aggiuntivi con appuntamenti video e telefonici<\/h1>\n<p>Relationships Australia SA (RASA) offre appuntamenti tramite video e telefono. Questo accordo definisce i rischi importanti legati agli appuntamenti video o telefonici con noi invece degli appuntamenti di persona nei nostri uffici.<\/p>\n        <\/div>\n\n                <script defer>\n          jQuery(function($) {\n            const element = $('#elem-featured-text-69d6528833898');\n          });\n        <\/script>\n      <\/div>\n        \t\t\t\t<\/div>\n\t\t\t\t<\/div>\n\t\t\t\t<div class=\"elementor-element elementor-element-6e67bd6 elementor-widget elementor-widget-text-editor\" data-id=\"6e67bd6\" data-element_type=\"widget\" data-e-type=\"widget\" data-widget_type=\"text-editor.default\">\n\t\t\t\t<div class=\"elementor-widget-container\">\n\t\t\t\t\t\t\t\t\t<h5>Mantenere gli appuntamenti sicuri<\/h5><p>RASA utilizzer\u00e0 dispositivi standard del settore e software affidabili per gli appuntamenti che fissiamo con te. Consigliamo vivamente di ricevere appuntamenti su hardware sicuro consultando il\u00a0<a href=\"https:\/\/www.esafety.gov.au\/\" target=\"_blank\" rel=\"noopener\">Commissario per la sicurezza elettronica<\/a>\u00a0e\u00a0<a href=\"https:\/\/www.techsafety.org\/spyware\" target=\"_blank\" rel=\"noopener\">Techsafety<\/a>\u00a0sulla tua sicurezza e privacy online. Non possiamo garantire la sicurezza di qualsiasi servizio fornito da terzi.<\/p><h5>Essere sicuri durante gli appuntamenti<\/h5><p>Alcuni clienti dovranno nascondere la propria posizione (o quella della propria famiglia) durante l&#039;appuntamento alle altre persone partecipanti all&#039;appuntamento.\u00a0<em>Se questo \u00e8 il tuo caso, \u00e8 essenziale prendere la seguente precauzione<\/em>S.<\/p><p><strong>Durante la sessione:<\/strong><\/p><ul><li>Assicurati che non ci sia nulla sulla fotocamera che possa identificare la tua posizione, ad esempio:<ul><li>Tutto ci\u00f2 che mostra la facciata della tua casa;<\/li><li>Tutto ci\u00f2 che mostra un punto di riferimento identificabile nella tua strada;<\/li><li>Tutto ci\u00f2 che indica dove tuo figlio frequenta la scuola, come un&#039;uniforme o uno zaino;<\/li><li>Documenti contenenti il tuo indirizzo;<\/li><li>La tua divisa da lavoro, il badge identificativo o i documenti di lavoro;<\/li><li>Fotografie o schermi di monitor che mostrano quanto sopra.<\/li><\/ul><\/li><li>Dovresti fare una scansione approfondita del tuo background ed evitare di muoverti con il tuo dispositivo durante la riunione.<\/li><li>Considera anche se eventuali suoni distintivi in sottofondo potrebbero identificare la tua posizione.<\/li><\/ul><p><strong>Consigli pi\u00f9 generali:<\/strong><\/p><ul><li>Inviare foto di famiglia via e-mail da uno smartphone ad altri operatori sanitari significa che la posizione GPS del luogo in cui \u00e8 stata scattata la foto digitale pu\u00f2 essere incorporata nella foto digitale. Ci\u00f2 significa che esiste un modo per qualcun altro di trovare il luogo in cui \u00e8 stata scattata la foto. Le foto stampate e le copie cartacee nei libri di comunicazione non presentano questo rischio.<\/li><li>Le app nascoste possono essere installate su un dispositivo (smartphone, tablet, laptop o computer) se un&#039;altra parte ha avuto accesso ad esso. Se ci\u00f2 \u00e8 possibile per te, dovresti utilizzare un dispositivo diverso e non tenere il dispositivo compromesso nella stessa stanza della riunione. Le app nascoste possono sentire tutto ci\u00f2 che accade nella stanza in cui si trova il dispositivo, ascoltare la conversazione telefonica e anche vedere tutto ci\u00f2 che l&#039;utente sta facendo sullo smartphone (sms, email, navigazione in internet, ecc.) oltre a fornire la posizione del telefono .<\/li><\/ul><h5>Riservatezza negli appuntamenti senza registrazione<\/h5><p>I clienti non possono registrare riunioni o appuntamenti di sorta con alcun mezzo (ad esempio sul dispositivo utilizzato per gli appuntamenti video o telefonici o tramite un altro dispositivo di registrazione o ascolto). Inoltre, i clienti non possono consentire a un&#039;altra persona di registrare l&#039;appuntamento.<\/p><p>Qualsiasi registrazione effettuata pu\u00f2 costituire un reato ai sensi: 1) sezione 4 del\u00a0<em>Legge sui dispositivi di sorveglianza<\/em>\u00a02016 (SA) e pu\u00f2 comportare una multa (attualmente $15.000) o la reclusione (attualmente 3 anni); e 2) articolo 19AA del\u00a0<em>Testo unico di diritto penale<\/em>\u00a01953 (SA), la pena massima attuale \u00e8 di 5 anni.<\/p><p>Se non sei sicuro dei tuoi obblighi e diritti legali, ti consigliamo di chiedere una consulenza legale indipendente.<\/p><h5>Rischi nell&#039;utilizzo del video negli appuntamenti<\/h5><p>RASA utilizzer\u00e0 solo piattaforme di videoconferenza che operano la crittografia end-to-end utilizzando Advanced Encryption Standard (AES) come GoToMeeting e MS Teams. Tuttavia, anche queste piattaforme potrebbero presentare vulnerabilit\u00e0 di sicurezza sconosciute. Se scopriamo tali vulnerabilit\u00e0, le &quot;correggeremo&quot; immediatamente o passeremo invece a un&#039;altra piattaforma. Pertanto, sebbene altamente improbabili, esempi dei rischi derivanti dall&#039;utilizzo del video negli appuntamenti includono:<\/p><ol><li>Trovare la posizione di qualcuno scoprendo il suo indirizzo IP (ovvero dove \u00e8 connesso il tuo computer). Questo rischio \u00e8 considerato basso e il rischio pu\u00f2 essere ridotto al minimo modificando l&#039;indirizzo IP riavviando il modem (che potrebbe prelevare un altro indirizzo IP dal pool di cui dispone il fornitore di servizi.<\/li><li>Qualcuno potrebbe &quot;hackerare&quot; e ascoltare o registrare la conversazione se un dispositivo \u00e8 stato compromesso da un virus che rileva attivit\u00e0 su quel dispositivo. Il rischio di ci\u00f2 pu\u00f2 essere ridotto al minimo utilizzando un programma antivirus e sistemi operativi aggiornati.<\/li><li>Costi sostenuti per ricevere appuntamenti video. Puoi ridurre al minimo questo rischio verificando se il tuo piano dati pu\u00f2 coprire circa 1 GB di dati per ogni ora di appuntamenti o utilizzando un NBN illimitato o un piano a banda larga.<\/li><\/ol><p>L&#039;utilizzo dei servizi RASA tramite video o telefono dimostra che riconosci questi rischi ma decidi che i vantaggi sono pi\u00f9 significativi. Se non sei sicuro, ti invitiamo a prendere in considerazione una consulenza legale indipendente.<\/p>\t\t\t\t\t\t\t\t<\/div>\n\t\t\t\t<\/div>\n\t\t\t\t\t<\/div>\n\t\t\t\t<\/div>\n\t\t<div class=\"elementor-element elementor-element-f7737ee e-flex e-con-boxed e-con e-parent\" data-id=\"f7737ee\" data-element_type=\"container\" data-e-type=\"container\">\n\t\t\t\t\t<div class=\"e-con-inner\">\n\t\t\t\t<div class=\"elementor-element elementor-element-a58e00a elementor-widget elementor-widget-spacer\" data-id=\"a58e00a\" data-element_type=\"widget\" data-e-type=\"widget\" data-widget_type=\"spacer.default\">\n\t\t\t\t<div class=\"elementor-widget-container\">\n\t\t\t\t\t\t\t<div class=\"elementor-spacer\">\n\t\t\t<div class=\"elementor-spacer-inner\"><\/div>\n\t\t<\/div>\n\t\t\t\t\t\t<\/div>\n\t\t\t\t<\/div>\n\t\t\t\t\t<\/div>\n\t\t\t\t<\/div>\n\t\t<div class=\"elementor-element elementor-element-4d4b1595 e-flex e-con-boxed e-con e-parent\" data-id=\"4d4b1595\" data-element_type=\"container\" data-e-type=\"container\" data-settings=\"{&quot;background_background&quot;:&quot;classic&quot;}\">\n\t\t\t\t\t<div class=\"e-con-inner\">\n\t\t<div class=\"elementor-element elementor-element-6e3f646b e-con-full e-flex e-con e-child\" data-id=\"6e3f646b\" data-element_type=\"container\" data-e-type=\"container\">\n\t\t\t\t<div class=\"elementor-element elementor-element-36d1c75b elementor-widget elementor-widget-heading\" data-id=\"36d1c75b\" data-element_type=\"widget\" data-e-type=\"widget\" data-widget_type=\"heading.default\">\n\t\t\t\t<div class=\"elementor-widget-container\">\n\t\t\t\t\t<h3 class=\"elementor-heading-title elementor-size-default\">Connettiti con noi<\/h3>\t\t\t\t<\/div>\n\t\t\t\t<\/div>\n\t\t\t\t<div class=\"elementor-element elementor-element-517f7edc elementor-icon-list--layout-inline elementor-mobile-align-center elementor-list-item-link-full_width elementor-widget elementor-widget-icon-list\" data-id=\"517f7edc\" data-element_type=\"widget\" data-e-type=\"widget\" data-widget_type=\"icon-list.default\">\n\t\t\t\t<div class=\"elementor-widget-container\">\n\t\t\t\t\t\t\t<ul class=\"elementor-icon-list-items elementor-inline-items\">\n\t\t\t\t\t\t\t<li class=\"elementor-icon-list-item elementor-inline-item\">\n\t\t\t\t\t\t\t\t\t\t\t<a href=\"https:\/\/www.facebook.com\/RelationshipsAustraliaSA\" target=\"_blank\" rel=\"noopener\">\n\n\t\t\t\t\t\t\t\t\t\t\t\t<span class=\"elementor-icon-list-icon\">\n\t\t\t\t\t\t\t<svg xmlns=\"http:\/\/www.w3.org\/2000\/svg\" xmlns:xlink=\"http:\/\/www.w3.org\/1999\/xlink\" width=\"18.213\" height=\"18.213\" viewbox=\"0 0 18.213 18.213\"><defs><clippath id=\"a\"><path d=\"M0,0H18.213V-18.213H0Z\" fill=\"none\"><\/path><\/clippath><\/defs><g transform=\"translate(0 18.213)\"><g clip-path=\"url(#a)\"><g transform=\"translate(12.788 -18.213)\"><path d=\"M0,0H-7.362a5.433,5.433,0,0,0-5.426,5.426v7.361a5.433,5.433,0,0,0,5.426,5.426h4.288V11.007H-5.39V8.2h2.316V6.126c0-2.4,1.4-3.712,3.449-3.712a17.9,17.9,0,0,1,2.068.111V5.037H1.024c-1.114,0-1.329.554-1.329,1.368V8.2H2.35L2,11.007H-.305v7.206H0a5.432,5.432,0,0,0,5.426-5.426V5.426A5.432,5.432,0,0,0,0,0\" fill=\"#fff\"><\/path><\/g><\/g><\/g><\/svg>\t\t\t\t\t\t<\/span>\n\t\t\t\t\t\t\t\t\t\t<span class=\"elementor-icon-list-text\"><\/span>\n\t\t\t\t\t\t\t\t\t\t\t<\/a>\n\t\t\t\t\t\t\t\t\t<\/li>\n\t\t\t\t\t\t\t\t<li class=\"elementor-icon-list-item elementor-inline-item\">\n\t\t\t\t\t\t\t\t\t\t\t<a href=\"https:\/\/www.instagram.com\/relationshipsaustraliasa\/\" target=\"_blank\" rel=\"noopener\">\n\n\t\t\t\t\t\t\t\t\t\t\t\t<span class=\"elementor-icon-list-icon\">\n\t\t\t\t\t\t\t<svg xmlns=\"http:\/\/www.w3.org\/2000\/svg\" xmlns:xlink=\"http:\/\/www.w3.org\/1999\/xlink\" width=\"18.213\" height=\"18.213\" viewbox=\"0 0 18.213 18.213\"><defs><clippath id=\"a\"><path d=\"M0,0H18.213V-18.213H0Z\" fill=\"none\"><\/path><\/clippath><\/defs><g transform=\"translate(0 18.213)\"><g clip-path=\"url(#a)\"><g transform=\"translate(12.788 -18.213)\"><path d=\"M0,0H-7.362a5.432,5.432,0,0,0-5.425,5.426v7.361a5.432,5.432,0,0,0,5.425,5.426H0a5.432,5.432,0,0,0,5.426-5.426V5.426A5.432,5.432,0,0,0,0,0M-3.681,13.817a4.715,4.715,0,0,1-4.71-4.71A4.716,4.716,0,0,1-3.681,4.4,4.716,4.716,0,0,1,1.03,9.107a4.716,4.716,0,0,1-4.711,4.71M1.039,5.56A1.129,1.129,0,1,1,2.168,4.431,1.128,1.128,0,0,1,1.039,5.56\" fill=\"#fff\"><\/path><\/g><g transform=\"translate(9.107 -11.985)\"><path d=\"M0,0A2.879,2.879,0,0,0-2.879,2.878,2.879,2.879,0,0,0,0,5.757,2.879,2.879,0,0,0,2.879,2.878,2.879,2.879,0,0,0,0,0\" fill=\"#fff\"><\/path><\/g><\/g><\/g><\/svg>\t\t\t\t\t\t<\/span>\n\t\t\t\t\t\t\t\t\t\t<span class=\"elementor-icon-list-text\"><\/span>\n\t\t\t\t\t\t\t\t\t\t\t<\/a>\n\t\t\t\t\t\t\t\t\t<\/li>\n\t\t\t\t\t\t\t\t<li class=\"elementor-icon-list-item elementor-inline-item\">\n\t\t\t\t\t\t\t\t\t\t\t<a href=\"http:\/\/www.linkedin.com\/company\/955635?trk=NUS_CMPY_TWIT\" target=\"_blank\" rel=\"noopener\">\n\n\t\t\t\t\t\t\t\t\t\t\t\t<span class=\"elementor-icon-list-icon\">\n\t\t\t\t\t\t\t<svg xmlns=\"http:\/\/www.w3.org\/2000\/svg\" xmlns:xlink=\"http:\/\/www.w3.org\/1999\/xlink\" width=\"18.213\" height=\"18.213\" viewbox=\"0 0 18.213 18.213\"><defs><clippath id=\"a\"><path d=\"M0,0H18.213V-18.213H0Z\" fill=\"none\"><\/path><\/clippath><\/defs><g transform=\"translate(0 18.213)\"><g clip-path=\"url(#a)\"><g transform=\"translate(12.788 -18.213)\"><path d=\"M0,0H-7.362a5.432,5.432,0,0,0-5.425,5.426v7.361a5.432,5.432,0,0,0,5.425,5.426H0a5.432,5.432,0,0,0,5.426-5.426V5.426A5.432,5.432,0,0,0,0,0M-6.21,14.172H-8.126V7.98H-6.21Zm-.965-7.005A1.141,1.141,0,0,1-8.319,6.022,1.139,1.139,0,0,1-7.175,4.891,1.136,1.136,0,0,1-6.044,6.022,1.139,1.139,0,0,1-7.175,7.167M.957,14.172h-1.9V10.917c0-.882-.331-1.379-1.034-1.379-.771,0-1.171.511-1.171,1.379v3.255H-4.984V7.98H-3.15v.828A2.152,2.152,0,0,1-1.29,7.787,2.161,2.161,0,0,1,.957,10.256Z\" fill=\"#fff\"><\/path><\/g><\/g><\/g><\/svg>\t\t\t\t\t\t<\/span>\n\t\t\t\t\t\t\t\t\t\t<span class=\"elementor-icon-list-text\"><\/span>\n\t\t\t\t\t\t\t\t\t\t\t<\/a>\n\t\t\t\t\t\t\t\t\t<\/li>\n\t\t\t\t\t\t\t\t<li class=\"elementor-icon-list-item elementor-inline-item\">\n\t\t\t\t\t\t\t\t\t\t\t<a href=\"https:\/\/www.youtube.com\/@RelationshipSA\" target=\"_blank\" rel=\"noopener\">\n\n\t\t\t\t\t\t\t\t\t\t\t\t<span class=\"elementor-icon-list-icon\">\n\t\t\t\t\t\t\t<svg xmlns=\"http:\/\/www.w3.org\/2000\/svg\" xmlns:xlink=\"http:\/\/www.w3.org\/1999\/xlink\" width=\"18.208\" height=\"18.208\" viewbox=\"0 0 18.208 18.208\"><defs><clippath id=\"a\"><path d=\"M0,0H18.208V-18.208H0Z\" fill=\"none\"><\/path><\/clippath><\/defs><g transform=\"translate(0 18.208)\"><g clip-path=\"url(#a)\"><g transform=\"translate(0 -12.784)\"><path d=\"M0,0V7.359a5.431,5.431,0,0,0,5.424,5.425h7.36a5.431,5.431,0,0,0,5.424-5.425V0a5.431,5.431,0,0,0-5.424-5.424H5.424A5.43,5.43,0,0,0,0,0M13.654,3.376,5.192,7.763V-.129Z\" fill=\"#fff\"><\/path><\/g><\/g><\/g><\/svg>\t\t\t\t\t\t<\/span>\n\t\t\t\t\t\t\t\t\t\t<span class=\"elementor-icon-list-text\"><\/span>\n\t\t\t\t\t\t\t\t\t\t\t<\/a>\n\t\t\t\t\t\t\t\t\t<\/li>\n\t\t\t\t\t\t<\/ul>\n\t\t\t\t\t\t<\/div>\n\t\t\t\t<\/div>\n\t\t\t\t<\/div>\n\t\t<div class=\"elementor-element elementor-element-7775320e e-con-full e-flex e-con e-child\" data-id=\"7775320e\" data-element_type=\"container\" data-e-type=\"container\">\n\t\t\t\t<div class=\"elementor-element elementor-element-3bc5075c elementor-widget-tablet__width-initial elementor-widget elementor-widget-text-editor\" data-id=\"3bc5075c\" data-element_type=\"widget\" data-e-type=\"widget\" data-widget_type=\"text-editor.default\">\n\t\t\t\t<div class=\"elementor-widget-container\">\n\t\t\t\t\t\t\t\t\t<h3>Iscriviti alla nostra newsletter<\/h3>\n<p>Ricevi le ultime notizie e contenuti.<\/p>\t\t\t\t\t\t\t\t<\/div>\n\t\t\t\t<\/div>\n\t\t\t\t<div class=\"elementor-element elementor-element-3cc798a elementor-button-info elementor-widget elementor-widget-button\" data-id=\"3cc798a\" data-element_type=\"widget\" data-e-type=\"widget\" data-widget_type=\"button.default\">\n\t\t\t\t<div class=\"elementor-widget-container\">\n\t\t\t\t\t\t\t\t\t<div class=\"elementor-button-wrapper\">\n\t\t\t\t\t<a class=\"elementor-button elementor-button-link elementor-size-sm\" href=\"#\">\n\t\t\t\t\t\t<span class=\"elementor-button-content-wrapper\">\n\t\t\t\t\t\t\t\t\t<span class=\"elementor-button-text\">sottoscrivi<\/span>\n\t\t\t\t\t<\/span>\n\t\t\t\t\t<\/a>\n\t\t\t\t<\/div>\n\t\t\t\t\t\t\t\t<\/div>\n\t\t\t\t<\/div>\n\t\t\t\t<\/div>\n\t\t\t\t\t<\/div>\n\t\t\t\t<\/div>\n\t\t<div class=\"elementor-element elementor-element-84cf1f1 e-flex e-con-boxed e-con e-parent\" data-id=\"84cf1f1\" data-element_type=\"container\" data-e-type=\"container\">\n\t\t\t\t\t<div class=\"e-con-inner\">\n\t\t\t\t\t<\/div>\n\t\t\t\t<\/div>\n\t\t\t\t<\/div>","protected":false},"excerpt":{"rendered":"<p>Rischi aggiuntivi legati agli appuntamenti video e telefonici Relationships Australia SA (RASA) offre appuntamenti tramite video e telefono. Questo accordo stabilisce\u2026<\/p>","protected":false},"author":15,"featured_media":26208,"parent":0,"menu_order":0,"comment_status":"closed","ping_status":"closed","template":"","meta":{"_acf_changed":false,"_relevanssi_hide_post":"","_relevanssi_hide_content":"","_relevanssi_pin_for_all":"","_relevanssi_pin_keywords":"","_relevanssi_unpin_keywords":"","_relevanssi_related_keywords":"","_relevanssi_related_include_ids":"","_relevanssi_related_exclude_ids":"","_relevanssi_related_no_append":"","_relevanssi_related_not_related":"","_relevanssi_related_posts":"","_relevanssi_noindex_reason":"","footnotes":""},"class_list":["post-26205","page","type-page","status-publish","has-post-thumbnail","hentry"],"acf":[],"_links":{"self":[{"href":"https:\/\/www.rasa.org.au\/it\/wp-json\/wp\/v2\/pages\/26205","targetHints":{"allow":["GET"]}}],"collection":[{"href":"https:\/\/www.rasa.org.au\/it\/wp-json\/wp\/v2\/pages"}],"about":[{"href":"https:\/\/www.rasa.org.au\/it\/wp-json\/wp\/v2\/types\/page"}],"author":[{"embeddable":true,"href":"https:\/\/www.rasa.org.au\/it\/wp-json\/wp\/v2\/users\/15"}],"replies":[{"embeddable":true,"href":"https:\/\/www.rasa.org.au\/it\/wp-json\/wp\/v2\/comments?post=26205"}],"version-history":[{"count":4,"href":"https:\/\/www.rasa.org.au\/it\/wp-json\/wp\/v2\/pages\/26205\/revisions"}],"predecessor-version":[{"id":26214,"href":"https:\/\/www.rasa.org.au\/it\/wp-json\/wp\/v2\/pages\/26205\/revisions\/26214"}],"wp:featuredmedia":[{"embeddable":true,"href":"https:\/\/www.rasa.org.au\/it\/wp-json\/wp\/v2\/media\/26208"}],"wp:attachment":[{"href":"https:\/\/www.rasa.org.au\/it\/wp-json\/wp\/v2\/media?parent=26205"}],"curies":[{"name":"parola chiave","href":"https:\/\/api.w.org\/{rel}","templated":true}]}}