{"id":31133,"date":"2025-09-26T16:54:03","date_gmt":"2025-09-26T07:24:03","guid":{"rendered":"https:\/\/www.rasa.org.au\/?page_id=31133"},"modified":"2026-05-07T14:33:30","modified_gmt":"2026-05-07T05:03:30","slug":"privacy-video","status":"publish","type":"page","link":"https:\/\/www.rasa.org.au\/ar\/privacy-video\/","title":{"rendered":"\u0641\u064a\u062f\u064a\u0648 \u0627\u0644\u062e\u0635\u0648\u0635\u064a\u0629"},"content":{"rendered":"<div data-elementor-type=\"wp-page\" data-elementor-id=\"31133\" class=\"elementor elementor-31133\" data-elementor-post-type=\"page\">\n\t\t\t\t<div class=\"elementor-element elementor-element-1c8ef83 e-flex e-con-boxed e-con e-parent\" data-id=\"1c8ef83\" data-element_type=\"container\" data-e-type=\"container\">\n\t\t\t\t\t<div class=\"e-con-inner\">\n\t\t\t\t<div class=\"elementor-element elementor-element-9a8eb3e elementor-widget elementor-widget-Elem_Banner\" data-id=\"9a8eb3e\" data-element_type=\"widget\" data-e-type=\"widget\" data-widget_type=\"Elem_Banner.default\">\n\t\t\t\t<div class=\"elementor-widget-container\">\n\t\t\t\t\t    <div id=\"elem-banner-6a04bf42b52a6\" class=\"elem-banner\">\n      <div class=\"elem-banner__image\">\n                  <img src=\"https:\/\/www.rasa.org.au\/wp-content\/uploads\/2025\/09\/banner-image-1.png\"\n               class=\"img-fluid\"\n               alt=\"\"\n               loading=\"lazy\"\n               decoding=\"async\"\n          \/>\n        \n                  <div class=\"elem-banner__image__gradient\"><\/div>\n\n          <div class=\"elem-banner__image__content-box\">\n                          <div class=\"elem-banner__image__content-box__title\">\n                <h1>\u0641\u064a\u062f\u064a\u0648 \u0627\u0644\u062e\u0635\u0648\u0635\u064a\u0629<\/h1>              <\/div>\n            \n                          <div class=\"elem-banner__image__content-box__content\">\n                <p>\u064a\u062a\u0648\u0641\u0631 \u0645\u0642\u0637\u0639 \u0627\u0644\u0641\u064a\u062f\u064a\u0648 \u0627\u0644\u062e\u0627\u0635 \u0628\u0627\u0644\u062e\u0635\u0648\u0635\u064a\u0629 \u0644\u062f\u064a\u0646\u0627 \u0628\u0645\u062c\u0645\u0648\u0639\u0629 \u0645\u0646 \u0627\u0644\u0644\u063a\u0627\u062a \u0648\u064a\u0648\u0636\u062d \u0643\u064a\u0641\u064a\u0629 \u0627\u0644\u062d\u0641\u0627\u0638 \u0639\u0644\u0649 \u0623\u0645\u0627\u0646 \u0645\u0639\u0644\u0648\u0645\u0627\u062a\u0643 \u0627\u0644\u0634\u062e\u0635\u064a\u0629<\/p>\n              <\/div>\n                      <\/div>\n              <\/div>\n\n            <script defer>\n        jQuery(function($) {\n          const element = $('#elem-banner-6a04bf42b52a6');\n        });\n      <\/script>\n    <\/div>\n    \t\t\t\t<\/div>\n\t\t\t\t<\/div>\n\t\t\t\t\t<\/div>\n\t\t\t\t<\/div>\n\t\t<div class=\"elementor-element elementor-element-e17f7a6 e-flex e-con-boxed e-con e-parent\" data-id=\"e17f7a6\" data-element_type=\"container\" data-e-type=\"container\">\n\t\t\t\t\t<div class=\"e-con-inner\">\n\t\t\t\t<div class=\"elementor-element elementor-element-713b84e elementor-widget elementor-widget-shortcode\" data-id=\"713b84e\" data-element_type=\"widget\" data-e-type=\"widget\" data-widget_type=\"shortcode.default\">\n\t\t\t\t<div class=\"elementor-widget-container\">\n\t\t\t\t\t\t\t<div class=\"elementor-shortcode\"><nav aria-label=\"\u0641\u062a\u0627\u062a \u0627\u0644\u062e\u0628\u0632\" class=\"rank-math-breadcrumb\"><p><span class=\"last\">\u0645\u0633\u0643\u0646<\/span><\/p><\/nav><\/div>\n\t\t\t\t\t\t<\/div>\n\t\t\t\t<\/div>\n\t\t\t\t\t<\/div>\n\t\t\t\t<\/div>\n\t\t<div class=\"elementor-element elementor-element-2ec4998 e-flex e-con-boxed e-con e-parent\" data-id=\"2ec4998\" data-element_type=\"container\" data-e-type=\"container\">\n\t\t\t\t\t<div class=\"e-con-inner\">\n\t\t\t\t<div class=\"elementor-element elementor-element-a59328e elementor-widget elementor-widget-heading\" data-id=\"a59328e\" data-element_type=\"widget\" data-e-type=\"widget\" data-widget_type=\"heading.default\">\n\t\t\t\t<div class=\"elementor-widget-container\">\n\t\t\t\t\t<h6 class=\"elementor-heading-title elementor-size-default\">\u0642\u0645 \u0628\u0627\u062e\u062a\u064a\u0627\u0631 \u0644\u063a\u062a\u0643 \u0623\u062f\u0646\u0627\u0647 \u0644\u0645\u0634\u0627\u0647\u062f\u0629 \u0641\u064a\u062f\u064a\u0648 \u0645\u062f\u062a\u0647 \u062f\u0642\u064a\u0642\u062a\u0627\u0646 \u062d\u0648\u0644 \u0643\u064a\u0641\u064a\u0629 \u062a\u0639\u0627\u0645\u0644\u0646\u0627 \u0645\u0639 \u0645\u0639\u0644\u0648\u0645\u0627\u062a\u0643 \u0627\u0644\u0634\u062e\u0635\u064a\u0629 \u0648\u062d\u0645\u0627\u064a\u062a\u0647\u0627.<\/h6>\t\t\t\t<\/div>\n\t\t\t\t<\/div>\n\t\t\t\t\t<\/div>\n\t\t\t\t<\/div>\n\t\t<div class=\"elementor-element elementor-element-05e8047 e-flex e-con-boxed e-con e-parent\" data-id=\"05e8047\" data-element_type=\"container\" data-e-type=\"container\">\n\t\t\t\t\t<div class=\"e-con-inner\">\n\t\t\t\t<div class=\"elementor-element elementor-element-1081bc9 video-popup elementor-widget elementor-widget-video\" data-id=\"1081bc9\" data-element_type=\"widget\" data-e-type=\"widget\" id=\"video-english\" data-settings=\"{&quot;video_type&quot;:&quot;vimeo&quot;}\" data-widget_type=\"video.default\">\n\t\t\t\t<div class=\"elementor-widget-container\">\n\t\t\t\t\t\t\t<div class=\"elementor-wrapper elementor-open-inline\">\n\t\t\t<iframe class=\"elementor-video-iframe\" allowfullscreen allow=\"clipboard-write\" title=\"\u0645\u0634\u063a\u0644 \u0641\u064a\u062f\u064a\u0648 \u0641\u064a\u0645\u064a\u0648\" src=\"https:\/\/player.vimeo.com\/video\/1121709796?color&amp;autopause=0&amp;loop=0&amp;muted=0&amp;title=0&amp;portrait=0&amp;byline=0&amp;h=edc19ef3fe#t=\"><\/iframe>\t\t<\/div>\n\t\t\t\t\t\t<\/div>\n\t\t\t\t<\/div>\n\t\t\t\t<div class=\"elementor-element elementor-element-f311b9c video-popup elementor-widget elementor-widget-video\" data-id=\"f311b9c\" data-element_type=\"widget\" data-e-type=\"widget\" id=\"video-spanish\" data-settings=\"{&quot;video_type&quot;:&quot;vimeo&quot;}\" data-widget_type=\"video.default\">\n\t\t\t\t<div class=\"elementor-widget-container\">\n\t\t\t\t\t\t\t<div class=\"elementor-wrapper elementor-open-inline\">\n\t\t\t<iframe class=\"elementor-video-iframe\" allowfullscreen allow=\"clipboard-write\" title=\"\u0645\u0634\u063a\u0644 \u0641\u064a\u062f\u064a\u0648 \u0641\u064a\u0645\u064a\u0648\" src=\"https:\/\/player.vimeo.com\/video\/1189951364?color&amp;autopause=0&amp;loop=0&amp;muted=0&amp;title=0&amp;portrait=0&amp;byline=0&amp;h=0fd1139043#t=\"><\/iframe>\t\t<\/div>\n\t\t\t\t\t\t<\/div>\n\t\t\t\t<\/div>\n\t\t\t\t<div class=\"elementor-element elementor-element-e64f120 video-popup elementor-widget elementor-widget-video\" data-id=\"e64f120\" data-element_type=\"widget\" data-e-type=\"widget\" id=\"video-vietnamese\" data-settings=\"{&quot;video_type&quot;:&quot;vimeo&quot;}\" data-widget_type=\"video.default\">\n\t\t\t\t<div class=\"elementor-widget-container\">\n\t\t\t\t\t\t\t<div class=\"elementor-wrapper elementor-open-inline\">\n\t\t\t<iframe class=\"elementor-video-iframe\" allowfullscreen allow=\"clipboard-write\" title=\"\u0645\u0634\u063a\u0644 \u0641\u064a\u062f\u064a\u0648 \u0641\u064a\u0645\u064a\u0648\" src=\"https:\/\/player.vimeo.com\/video\/1189951471?color&amp;autopause=0&amp;loop=0&amp;muted=0&amp;title=0&amp;portrait=0&amp;byline=0&amp;h=1f262c18bd#t=\"><\/iframe>\t\t<\/div>\n\t\t\t\t\t\t<\/div>\n\t\t\t\t<\/div>\n\t\t\t\t<div class=\"elementor-element elementor-element-7fafbdf video-popup elementor-widget elementor-widget-video\" data-id=\"7fafbdf\" data-element_type=\"widget\" data-e-type=\"widget\" id=\"video-persian\" data-settings=\"{&quot;video_type&quot;:&quot;vimeo&quot;}\" data-widget_type=\"video.default\">\n\t\t\t\t<div class=\"elementor-widget-container\">\n\t\t\t\t\t\t\t<div class=\"elementor-wrapper elementor-open-inline\">\n\t\t\t<iframe class=\"elementor-video-iframe\" allowfullscreen allow=\"clipboard-write\" title=\"\u0645\u0634\u063a\u0644 \u0641\u064a\u062f\u064a\u0648 \u0641\u064a\u0645\u064a\u0648\" src=\"https:\/\/player.vimeo.com\/video\/1189951202?color&amp;autopause=0&amp;loop=0&amp;muted=0&amp;title=0&amp;portrait=0&amp;byline=0&amp;h=7711e08f57#t=\"><\/iframe>\t\t<\/div>\n\t\t\t\t\t\t<\/div>\n\t\t\t\t<\/div>\n\t\t\t\t<div class=\"elementor-element elementor-element-353efa4 video-popup elementor-widget elementor-widget-video\" data-id=\"353efa4\" data-element_type=\"widget\" data-e-type=\"widget\" id=\"video-lao\" data-settings=\"{&quot;video_type&quot;:&quot;vimeo&quot;}\" data-widget_type=\"video.default\">\n\t\t\t\t<div class=\"elementor-widget-container\">\n\t\t\t\t\t\t\t<div class=\"elementor-wrapper elementor-open-inline\">\n\t\t\t<iframe class=\"elementor-video-iframe\" allowfullscreen allow=\"clipboard-write\" title=\"\u0645\u0634\u063a\u0644 \u0641\u064a\u062f\u064a\u0648 \u0641\u064a\u0645\u064a\u0648\" src=\"https:\/\/player.vimeo.com\/video\/1189950699?color&amp;autopause=0&amp;loop=0&amp;muted=0&amp;title=0&amp;portrait=0&amp;byline=0&amp;h=f4a3dd75d5#t=\"><\/iframe>\t\t<\/div>\n\t\t\t\t\t\t<\/div>\n\t\t\t\t<\/div>\n\t\t\t\t<div class=\"elementor-element elementor-element-bd2f4b3 video-popup elementor-widget elementor-widget-video\" data-id=\"bd2f4b3\" data-element_type=\"widget\" data-e-type=\"widget\" id=\"video-dari\" data-settings=\"{&quot;video_type&quot;:&quot;vimeo&quot;}\" data-widget_type=\"video.default\">\n\t\t\t\t<div class=\"elementor-widget-container\">\n\t\t\t\t\t\t\t<div class=\"elementor-wrapper elementor-open-inline\">\n\t\t\t<iframe class=\"elementor-video-iframe\" allowfullscreen allow=\"clipboard-write\" title=\"\u0645\u0634\u063a\u0644 \u0641\u064a\u062f\u064a\u0648 \u0641\u064a\u0645\u064a\u0648\" src=\"https:\/\/player.vimeo.com\/video\/1189951957?color&amp;autopause=0&amp;loop=0&amp;muted=0&amp;title=0&amp;portrait=0&amp;byline=0&amp;h=cb116d76dd#t=\"><\/iframe>\t\t<\/div>\n\t\t\t\t\t\t<\/div>\n\t\t\t\t<\/div>\n\t\t\t\t<div class=\"elementor-element elementor-element-3fcbcb9 video-popup elementor-widget elementor-widget-video\" data-id=\"3fcbcb9\" data-element_type=\"widget\" data-e-type=\"widget\" id=\"video-nepali\" data-settings=\"{&quot;video_type&quot;:&quot;vimeo&quot;}\" data-widget_type=\"video.default\">\n\t\t\t\t<div class=\"elementor-widget-container\">\n\t\t\t\t\t\t\t<div class=\"elementor-wrapper elementor-open-inline\">\n\t\t\t<iframe class=\"elementor-video-iframe\" allowfullscreen allow=\"clipboard-write\" title=\"\u0645\u0634\u063a\u0644 \u0641\u064a\u062f\u064a\u0648 \u0641\u064a\u0645\u064a\u0648\" src=\"https:\/\/player.vimeo.com\/video\/1189951011?color&amp;autopause=0&amp;loop=0&amp;muted=0&amp;title=0&amp;portrait=0&amp;byline=0&amp;h=7c39a8c399#t=\"><\/iframe>\t\t<\/div>\n\t\t\t\t\t\t<\/div>\n\t\t\t\t<\/div>\n\t\t\t\t<div class=\"elementor-element elementor-element-ede7435 video-popup elementor-widget elementor-widget-video\" data-id=\"ede7435\" data-element_type=\"widget\" data-e-type=\"widget\" id=\"video-khmer\" data-settings=\"{&quot;video_type&quot;:&quot;vimeo&quot;}\" data-widget_type=\"video.default\">\n\t\t\t\t<div class=\"elementor-widget-container\">\n\t\t\t\t\t\t\t<div class=\"elementor-wrapper elementor-open-inline\">\n\t\t\t<iframe class=\"elementor-video-iframe\" allowfullscreen allow=\"clipboard-write\" title=\"\u0645\u0634\u063a\u0644 \u0641\u064a\u062f\u064a\u0648 \u0641\u064a\u0645\u064a\u0648\" src=\"https:\/\/player.vimeo.com\/video\/1189951765?color&amp;autopause=0&amp;loop=0&amp;muted=0&amp;title=0&amp;portrait=0&amp;byline=0&amp;h=689278e082#t=\"><\/iframe>\t\t<\/div>\n\t\t\t\t\t\t<\/div>\n\t\t\t\t<\/div>\n\t\t\t\t<div class=\"elementor-element elementor-element-3339994 video-popup elementor-widget elementor-widget-video\" data-id=\"3339994\" data-element_type=\"widget\" data-e-type=\"widget\" id=\"video-dinka\" data-settings=\"{&quot;video_type&quot;:&quot;vimeo&quot;}\" data-widget_type=\"video.default\">\n\t\t\t\t<div class=\"elementor-widget-container\">\n\t\t\t\t\t\t\t<div class=\"elementor-wrapper elementor-open-inline\">\n\t\t\t<iframe class=\"elementor-video-iframe\" allowfullscreen allow=\"clipboard-write\" title=\"\u0645\u0634\u063a\u0644 \u0641\u064a\u062f\u064a\u0648 \u0641\u064a\u0645\u064a\u0648\" src=\"https:\/\/player.vimeo.com\/video\/1189950185?color&amp;autopause=0&amp;loop=0&amp;muted=0&amp;title=0&amp;portrait=0&amp;byline=0&amp;h=dd8b41aaa1#t=\"><\/iframe>\t\t<\/div>\n\t\t\t\t\t\t<\/div>\n\t\t\t\t<\/div>\n\t\t\t\t<div class=\"elementor-element elementor-element-4efce32 video-popup elementor-widget elementor-widget-video\" data-id=\"4efce32\" data-element_type=\"widget\" data-e-type=\"widget\" id=\"video-arabic\" data-settings=\"{&quot;video_type&quot;:&quot;vimeo&quot;}\" data-widget_type=\"video.default\">\n\t\t\t\t<div class=\"elementor-widget-container\">\n\t\t\t\t\t\t\t<div class=\"elementor-wrapper elementor-open-inline\">\n\t\t\t<iframe class=\"elementor-video-iframe\" allowfullscreen allow=\"clipboard-write\" title=\"\u0645\u0634\u063a\u0644 \u0641\u064a\u062f\u064a\u0648 \u0641\u064a\u0645\u064a\u0648\" src=\"https:\/\/player.vimeo.com\/video\/1189951608?color&amp;autopause=0&amp;loop=0&amp;muted=0&amp;title=0&amp;portrait=0&amp;byline=0&amp;h=308ad116e8#t=\"><\/iframe>\t\t<\/div>\n\t\t\t\t\t\t<\/div>\n\t\t\t\t<\/div>\n\t\t<div class=\"elementor-element elementor-element-225e84b e-con-full e-flex e-con e-child\" data-id=\"225e84b\" data-element_type=\"container\" data-e-type=\"container\">\n\t\t<div class=\"elementor-element elementor-element-26e6e69 e-grid e-con-full e-con e-child\" data-id=\"26e6e69\" data-element_type=\"container\" data-e-type=\"container\">\n\t\t\t\t<div class=\"elementor-element elementor-element-2b62d45 elementor-align-left elementor-widget__width-inherit popup-video-link elementor-widget elementor-widget-button\" data-id=\"2b62d45\" data-element_type=\"widget\" data-e-type=\"widget\" data-widget_type=\"button.default\">\n\t\t\t\t<div class=\"elementor-widget-container\">\n\t\t\t\t\t\t\t\t\t<div class=\"elementor-button-wrapper\">\n\t\t\t\t\t<a class=\"elementor-button elementor-button-link elementor-size-sm\" href=\"#video-english\" target=\"_blank\">\n\t\t\t\t\t\t<span class=\"elementor-button-content-wrapper\">\n\t\t\t\t\t\t\t\t\t<span class=\"elementor-button-text\">\u0641\u064a\u062f\u064a\u0648 \u0627\u0644\u062e\u0635\u0648\u0635\u064a\u0629 (\u0627\u0644\u0625\u0646\u062c\u0644\u064a\u0632\u064a\u0629)<\/span>\n\t\t\t\t\t<\/span>\n\t\t\t\t\t<\/a>\n\t\t\t\t<\/div>\n\t\t\t\t\t\t\t\t<\/div>\n\t\t\t\t<\/div>\n\t\t\t\t<div class=\"elementor-element elementor-element-8fb5ed0 elementor-align-left elementor-widget__width-inherit popup-video-link elementor-widget elementor-widget-button\" data-id=\"8fb5ed0\" data-element_type=\"widget\" data-e-type=\"widget\" data-widget_type=\"button.default\">\n\t\t\t\t<div class=\"elementor-widget-container\">\n\t\t\t\t\t\t\t\t\t<div class=\"elementor-button-wrapper\">\n\t\t\t\t\t<a class=\"elementor-button elementor-button-link elementor-size-sm\" href=\"#video-spanish\" target=\"_blank\">\n\t\t\t\t\t\t<span class=\"elementor-button-content-wrapper\">\n\t\t\t\t\t\t\t\t\t<span class=\"elementor-button-text\">\u0641\u064a\u062f\u064a\u0648 \u0627\u0644\u062e\u0635\u0648\u0635\u064a\u0629 (\u0627\u0644\u0625\u0633\u0628\u0627\u0646\u064a\u0629)<\/span>\n\t\t\t\t\t<\/span>\n\t\t\t\t\t<\/a>\n\t\t\t\t<\/div>\n\t\t\t\t\t\t\t\t<\/div>\n\t\t\t\t<\/div>\n\t\t\t\t<div class=\"elementor-element elementor-element-1f9cff7 elementor-align-left elementor-widget__width-inherit popup-video-link elementor-widget elementor-widget-button\" data-id=\"1f9cff7\" data-element_type=\"widget\" data-e-type=\"widget\" data-widget_type=\"button.default\">\n\t\t\t\t<div class=\"elementor-widget-container\">\n\t\t\t\t\t\t\t\t\t<div class=\"elementor-button-wrapper\">\n\t\t\t\t\t<a class=\"elementor-button elementor-button-link elementor-size-sm\" href=\"#video-vietnamese\" target=\"_blank\">\n\t\t\t\t\t\t<span class=\"elementor-button-content-wrapper\">\n\t\t\t\t\t\t\t\t\t<span class=\"elementor-button-text\">\u0641\u064a\u062f\u064a\u0648 v\u1ec1 quy\u1ec1n ri\u00eang t\u01b0 (\u0627\u0644\u0641\u064a\u062a\u0646\u0627\u0645\u064a\u0629)<\/span>\n\t\t\t\t\t<\/span>\n\t\t\t\t\t<\/a>\n\t\t\t\t<\/div>\n\t\t\t\t\t\t\t\t<\/div>\n\t\t\t\t<\/div>\n\t\t\t\t<div class=\"elementor-element elementor-element-d10fd08 elementor-align-left elementor-widget__width-inherit popup-video-link elementor-widget elementor-widget-button\" data-id=\"d10fd08\" data-element_type=\"widget\" data-e-type=\"widget\" data-widget_type=\"button.default\">\n\t\t\t\t<div class=\"elementor-widget-container\">\n\t\t\t\t\t\t\t\t\t<div class=\"elementor-button-wrapper\">\n\t\t\t\t\t<a class=\"elementor-button elementor-button-link elementor-size-sm\" href=\"#video-persian\" target=\"_blank\">\n\t\t\t\t\t\t<span class=\"elementor-button-content-wrapper\">\n\t\t\t\t\t\t\t\t\t<span class=\"elementor-button-text\">\u0648\u06cc\u062f\u06cc\u0648\u06cc \u062d\u0631\u06cc\u0645 \u062e\u0635\u0648\u0635\u06cc (\u0627\u0644\u0641\u0627\u0631\u0633\u064a\u0629)<\/span>\n\t\t\t\t\t<\/span>\n\t\t\t\t\t<\/a>\n\t\t\t\t<\/div>\n\t\t\t\t\t\t\t\t<\/div>\n\t\t\t\t<\/div>\n\t\t\t\t<div class=\"elementor-element elementor-element-e6ed8e5 elementor-align-left elementor-widget__width-inherit popup-video-link elementor-widget elementor-widget-button\" data-id=\"e6ed8e5\" data-element_type=\"widget\" data-e-type=\"widget\" data-widget_type=\"button.default\">\n\t\t\t\t<div class=\"elementor-widget-container\">\n\t\t\t\t\t\t\t\t\t<div class=\"elementor-button-wrapper\">\n\t\t\t\t\t<a class=\"elementor-button elementor-button-link elementor-size-sm\" href=\"#video-lao\">\n\t\t\t\t\t\t<span class=\"elementor-button-content-wrapper\">\n\t\t\t\t\t\t\t\t\t<span class=\"elementor-button-text\">\u062f\u064a\u0648\u064a\u062a\u0627\u0646\u064a\u0627 (\u0644\u0627\u0648)<\/span>\n\t\t\t\t\t<\/span>\n\t\t\t\t\t<\/a>\n\t\t\t\t<\/div>\n\t\t\t\t\t\t\t\t<\/div>\n\t\t\t\t<\/div>\n\t\t\t\t<div class=\"elementor-element elementor-element-07ce3e6 elementor-align-left elementor-widget__width-inherit popup-video-link elementor-widget elementor-widget-button\" data-id=\"07ce3e6\" data-element_type=\"widget\" data-e-type=\"widget\" data-widget_type=\"button.default\">\n\t\t\t\t<div class=\"elementor-widget-container\">\n\t\t\t\t\t\t\t\t\t<div class=\"elementor-button-wrapper\">\n\t\t\t\t\t<a class=\"elementor-button elementor-button-link elementor-size-sm\" href=\"#video-dari\" target=\"_blank\">\n\t\t\t\t\t\t<span class=\"elementor-button-content-wrapper\">\n\t\t\t\t\t\t\t\t\t<span class=\"elementor-button-text\">\u0641\u064a\u062f\u064a\u0648 \u062d\u0631\u064a\u0645 \u062e\u0627\u0635 (\u0627\u0644\u062f\u0627\u0631\u064a)<\/span>\n\t\t\t\t\t<\/span>\n\t\t\t\t\t<\/a>\n\t\t\t\t<\/div>\n\t\t\t\t\t\t\t\t<\/div>\n\t\t\t\t<\/div>\n\t\t\t\t<div class=\"elementor-element elementor-element-907152e elementor-align-left elementor-widget__width-inherit popup-video-link elementor-widget elementor-widget-button\" data-id=\"907152e\" data-element_type=\"widget\" data-e-type=\"widget\" data-widget_type=\"button.default\">\n\t\t\t\t<div class=\"elementor-widget-container\">\n\t\t\t\t\t\t\t\t\t<div class=\"elementor-button-wrapper\">\n\t\t\t\t\t<a class=\"elementor-button elementor-button-link elementor-size-sm\" href=\"#video-nepali\" target=\"_blank\">\n\t\t\t\t\t\t<span class=\"elementor-button-content-wrapper\">\n\t\t\t\t\t\t\t\t\t<span class=\"elementor-button-text\">\u062c\u0648\u0628\u0646\u064a\u064a\u0627\u062a\u0627 \u0628\u064a\u062f\u064a\u0648 (\u0646\u064a\u0628\u0627\u0644\u064a)<\/span>\n\t\t\t\t\t<\/span>\n\t\t\t\t\t<\/a>\n\t\t\t\t<\/div>\n\t\t\t\t\t\t\t\t<\/div>\n\t\t\t\t<\/div>\n\t\t\t\t<div class=\"elementor-element elementor-element-b75a3a4 elementor-align-left elementor-widget__width-inherit popup-video-link elementor-widget elementor-widget-button\" data-id=\"b75a3a4\" data-element_type=\"widget\" data-e-type=\"widget\" data-widget_type=\"button.default\">\n\t\t\t\t<div class=\"elementor-widget-container\">\n\t\t\t\t\t\t\t\t\t<div class=\"elementor-button-wrapper\">\n\t\t\t\t\t<a class=\"elementor-button elementor-button-link elementor-size-sm\" href=\"#video-khmer\" target=\"_blank\">\n\t\t\t\t\t\t<span class=\"elementor-button-content-wrapper\">\n\t\t\t\t\t\t\t\t\t<span class=\"elementor-button-text\">\u179c\u17b8\u178a\u17c1\u17a2\u17bc\u17af\u1780\u1787\u1793\u1797\u17b6\u1796 (\u0627\u0644\u062e\u0645\u064a\u0631)<\/span>\n\t\t\t\t\t<\/span>\n\t\t\t\t\t<\/a>\n\t\t\t\t<\/div>\n\t\t\t\t\t\t\t\t<\/div>\n\t\t\t\t<\/div>\n\t\t\t\t<div class=\"elementor-element elementor-element-d363b5e elementor-align-left elementor-widget__width-inherit popup-video-link elementor-widget elementor-widget-button\" data-id=\"d363b5e\" data-element_type=\"widget\" data-e-type=\"widget\" data-widget_type=\"button.default\">\n\t\t\t\t<div class=\"elementor-widget-container\">\n\t\t\t\t\t\t\t\t\t<div class=\"elementor-button-wrapper\">\n\t\t\t\t\t<a class=\"elementor-button elementor-button-link elementor-size-sm\" href=\"#video-dinka\" target=\"_blank\">\n\t\t\t\t\t\t<span class=\"elementor-button-content-wrapper\">\n\t\t\t\t\t\t\t\t\t<span class=\"elementor-button-text\">Bidi\u00f6 n\u0254\u014bic k\u00e4ke Raan Yet\u00f6k (\u0627\u0644\u062f\u064a\u0646\u0643\u0627)<\/span>\n\t\t\t\t\t<\/span>\n\t\t\t\t\t<\/a>\n\t\t\t\t<\/div>\n\t\t\t\t\t\t\t\t<\/div>\n\t\t\t\t<\/div>\n\t\t\t\t<div class=\"elementor-element elementor-element-3439f8a elementor-align-left elementor-widget__width-inherit popup-video-link elementor-widget elementor-widget-button\" data-id=\"3439f8a\" data-element_type=\"widget\" data-e-type=\"widget\" data-widget_type=\"button.default\">\n\t\t\t\t<div class=\"elementor-widget-container\">\n\t\t\t\t\t\t\t\t\t<div class=\"elementor-button-wrapper\">\n\t\t\t\t\t<a class=\"elementor-button elementor-button-link elementor-size-sm\" href=\"#video-arabic\" target=\"_blank\">\n\t\t\t\t\t\t<span class=\"elementor-button-content-wrapper\">\n\t\t\t\t\t\t\t\t\t<span class=\"elementor-button-text\">\u0639\u0631\u0628\u064a (ARABIC)<\/span>\n\t\t\t\t\t<\/span>\n\t\t\t\t\t<\/a>\n\t\t\t\t<\/div>\n\t\t\t\t\t\t\t\t<\/div>\n\t\t\t\t<\/div>\n\t\t\t\t<\/div>\n\t\t\t\t<\/div>\n\t\t\t\t\t<\/div>\n\t\t\t\t<\/div>\n\t\t<div class=\"elementor-element elementor-element-6dc343c e-flex e-con-boxed e-con e-parent\" data-id=\"6dc343c\" data-element_type=\"container\" data-e-type=\"container\">\n\t\t\t\t\t<div class=\"e-con-inner\">\n\t\t\t\t<div class=\"elementor-element elementor-element-62ae260 elementor-widget elementor-widget-text-editor\" data-id=\"62ae260\" data-element_type=\"widget\" data-e-type=\"widget\" data-widget_type=\"text-editor.default\">\n\t\t\t\t<div class=\"elementor-widget-container\">\n\t\t\t\t\t\t\t\t\t<p><strong>\u0631\u0648\u0627\u0628\u0637 \u0645\u0641\u064a\u062f\u0629<\/strong><\/p><p><a href=\"https:\/\/www.rasa.org.au\/ar\/privacy-and-confidentiality\/\" target=\"_blank\" rel=\"noopener\">\u0627\u0644\u062e\u0635\u0648\u0635\u064a\u0629 \u0648\u0627\u0644\u0633\u0631\u064a\u0629<\/a><\/p><p><a href=\"https:\/\/www.rasa.org.au\/ar\/interpreter-support-services\/\">\u062e\u062f\u0645\u0627\u062a \u062f\u0639\u0645 \u0627\u0644\u0645\u062a\u0631\u062c\u0645\u064a\u0646<\/a><\/p><p><a href=\"https:\/\/www.rasa.org.au\/wp-content\/uploads\/2023\/12\/Interpreters-Available-Client-Sheet-1.pdf\">\u0627\u0644\u0645\u062a\u0631\u062c\u0645\u0648\u0646 \u0627\u0644\u0641\u0648\u0631\u064a\u0648\u0646 \u0648\u0631\u0642\u0629 \u0627\u0644\u0639\u0645\u064a\u0644 \u0627\u0644\u0645\u062a\u0627\u062d\u0629<\/a>\u00a0<\/p>\t\t\t\t\t\t\t\t<\/div>\n\t\t\t\t<\/div>\n\t\t\t\t\t<\/div>\n\t\t\t\t<\/div>\n\t\t\t\t<\/div>","protected":false},"excerpt":{"rendered":"<p>\u0641\u064a\u062f\u064a\u0648 \u0627\u0644\u062e\u0635\u0648\u0635\u064a\u0629 \u064a\u062a\u0648\u0641\u0631 \u0641\u064a\u062f\u064a\u0648 \u0627\u0644\u062e\u0635\u0648\u0635\u064a\u0629 \u0644\u062f\u064a\u0646\u0627 \u0628\u0645\u062c\u0645\u0648\u0639\u0629 \u0645\u0646 \u0627\u0644\u0644\u063a\u0627\u062a \u0648\u064a\u0648\u0636\u062d \u0643\u064a\u0641\u064a\u0629 \u0627\u062d\u062a\u0641\u0627\u0638\u0646\u0627 \u0628\u0645\u0639\u0644\u0648\u0645\u0627\u062a\u0643 \u0627\u0644\u0634\u062e\u0635\u064a\u0629...<\/p>","protected":false},"author":23,"featured_media":31971,"parent":0,"menu_order":0,"comment_status":"closed","ping_status":"closed","template":"elementor_header_footer","meta":{"_acf_changed":false,"_relevanssi_hide_post":"","_relevanssi_hide_content":"","_relevanssi_pin_for_all":"","_relevanssi_pin_keywords":"","_relevanssi_unpin_keywords":"","_relevanssi_related_keywords":"","_relevanssi_related_include_ids":"","_relevanssi_related_exclude_ids":"","_relevanssi_related_no_append":"","_relevanssi_related_not_related":"","_relevanssi_related_posts":"","_relevanssi_noindex_reason":"","footnotes":""},"class_list":["post-31133","page","type-page","status-publish","has-post-thumbnail","hentry"],"acf":[],"_links":{"self":[{"href":"https:\/\/www.rasa.org.au\/ar\/wp-json\/wp\/v2\/pages\/31133","targetHints":{"allow":["GET"]}}],"collection":[{"href":"https:\/\/www.rasa.org.au\/ar\/wp-json\/wp\/v2\/pages"}],"about":[{"href":"https:\/\/www.rasa.org.au\/ar\/wp-json\/wp\/v2\/types\/page"}],"author":[{"embeddable":true,"href":"https:\/\/www.rasa.org.au\/ar\/wp-json\/wp\/v2\/users\/23"}],"replies":[{"embeddable":true,"href":"https:\/\/www.rasa.org.au\/ar\/wp-json\/wp\/v2\/comments?post=31133"}],"version-history":[{"count":0,"href":"https:\/\/www.rasa.org.au\/ar\/wp-json\/wp\/v2\/pages\/31133\/revisions"}],"wp:featuredmedia":[{"embeddable":true,"href":"https:\/\/www.rasa.org.au\/ar\/wp-json\/wp\/v2\/media\/31971"}],"wp:attachment":[{"href":"https:\/\/www.rasa.org.au\/ar\/wp-json\/wp\/v2\/media?parent=31133"}],"curies":[{"name":"\u0648\u0648\u0631\u062f\u0628\u0631\u064a\u0633","href":"https:\/\/api.w.org\/{rel}","templated":true}]}}